{"id":81,"date":"2023-04-16T09:16:50","date_gmt":"2023-04-16T09:16:50","guid":{"rendered":"https:\/\/www.frauenhaus-steyr.at\/wordpress\/?page_id=81"},"modified":"2023-11-01T08:36:03","modified_gmt":"2023-11-01T08:36:03","slug":"verein","status":"publish","type":"page","link":"https:\/\/www.frauenhaus-steyr.at\/wordpress\/verein\/","title":{"rendered":"Verein"},"content":{"rendered":"<div class=\"wp-block-kadence-posts kb-posts kb-posts-id-_2f33e3-95 content-wrap grid-cols kb-posts-style-boxed grid-sm-col-2 grid-lg-col-3 item-image-style-above\"><article class=\"entry content-bg loop-entry post-2308 post type-post status-publish format-standard hentry category-verein\">\n\t\t<div class=\"entry-content-wrap\">\n\t\t<header class=\"entry-header\">\n\t\t<div class=\"entry-taxonomies\">\n\t\t<span class=\"category-links term-links category-style-normal\">\n\t\t\t<a href=\"https:\/\/www.frauenhaus-steyr.at\/wordpress\/category\/verein\/\" rel=\"category tag\">Verein<\/a>\t\t<\/span>\n\t<\/div><!-- .entry-taxonomies -->\n\t<h5 class=\"entry-title\"><a href=\"https:\/\/www.frauenhaus-steyr.at\/wordpress\/2025\/08\/statistik\/\" rel=\"bookmark\">Statistik<\/a><\/h5><\/header><!-- .entry-header -->\n\t<div class=\"entry-summary\">\n\t\t\t<\/div><!-- .entry-summary -->\n\t<footer class=\"entry-footer\">\n\t\t\t<div class=\"entry-actions\">\n\t\t\t<p class=\"more-link-wrap\">\n\t\t\t\t<a href=\"https:\/\/www.frauenhaus-steyr.at\/wordpress\/2025\/08\/statistik\/\" class=\"post-more-link\">\n\t\t\t\t\tWeiterlesen<span class=\"screen-reader-text\"> Statistik<\/span><span class=\"kadence-svg-iconset svg-baseline\"><svg aria-hidden=\"true\" class=\"kadence-svg-icon kadence-arrow-right-alt-svg\" fill=\"currentColor\" version=\"1.1\" xmlns=\"http:\/\/www.w3.org\/2000\/svg\" width=\"27\" height=\"28\" viewBox=\"0 0 27 28\"><title>Continue<\/title><path d=\"M27 13.953c0 0.141-0.063 0.281-0.156 0.375l-6 5.531c-0.156 0.141-0.359 0.172-0.547 0.094-0.172-0.078-0.297-0.25-0.297-0.453v-3.5h-19.5c-0.281 0-0.5-0.219-0.5-0.5v-3c0-0.281 0.219-0.5 0.5-0.5h19.5v-3.5c0-0.203 0.109-0.375 0.297-0.453s0.391-0.047 0.547 0.078l6 5.469c0.094 0.094 0.156 0.219 0.156 0.359v0z\"><\/path>\n\t\t\t<\/svg><\/span>\t\t\t\t<\/a>\n\t\t\t<\/p>\n\t\t<\/div><!-- .entry-actions -->\n\t\t<\/footer><!-- .entry-footer -->\t<\/div>\n<\/article>\n<article class=\"entry content-bg loop-entry post-2238 post type-post status-publish format-standard hentry category-verein\">\n\t\t<div class=\"entry-content-wrap\">\n\t\t<header class=\"entry-header\">\n\t\t<div class=\"entry-taxonomies\">\n\t\t<span class=\"category-links term-links category-style-normal\">\n\t\t\t<a href=\"https:\/\/www.frauenhaus-steyr.at\/wordpress\/category\/verein\/\" rel=\"category tag\">Verein<\/a>\t\t<\/span>\n\t<\/div><!-- .entry-taxonomies -->\n\t<h5 class=\"entry-title\"><a href=\"https:\/\/www.frauenhaus-steyr.at\/wordpress\/2025\/07\/2025-spende-kunstwerk\/\" rel=\"bookmark\">2025: Spende Kunstwerk<\/a><\/h5><\/header><!-- .entry-header -->\n\t<div class=\"entry-summary\">\n\t\t<p>Juni 2025 Anl\u00e4sslich der Generalversammlung durften wir von einer langj\u00e4hrigen F\u00f6rderin unserer Anliegen ein Bild f\u00fcr den neuen Standort als Spende entgegennehmen. Herzlichen Dank an Getrude Schreiberhuber. Quelle Bild: Frauenhaus Steyr<\/p>\n\t<\/div><!-- .entry-summary -->\n\t<footer class=\"entry-footer\">\n\t\t\t<div class=\"entry-actions\">\n\t\t\t<p class=\"more-link-wrap\">\n\t\t\t\t<a href=\"https:\/\/www.frauenhaus-steyr.at\/wordpress\/2025\/07\/2025-spende-kunstwerk\/\" class=\"post-more-link\">\n\t\t\t\t\tWeiterlesen<span class=\"screen-reader-text\"> 2025: Spende Kunstwerk<\/span><span class=\"kadence-svg-iconset svg-baseline\"><svg aria-hidden=\"true\" class=\"kadence-svg-icon kadence-arrow-right-alt-svg\" fill=\"currentColor\" version=\"1.1\" xmlns=\"http:\/\/www.w3.org\/2000\/svg\" width=\"27\" height=\"28\" viewBox=\"0 0 27 28\"><title>Continue<\/title><path d=\"M27 13.953c0 0.141-0.063 0.281-0.156 0.375l-6 5.531c-0.156 0.141-0.359 0.172-0.547 0.094-0.172-0.078-0.297-0.25-0.297-0.453v-3.5h-19.5c-0.281 0-0.5-0.219-0.5-0.5v-3c0-0.281 0.219-0.5 0.5-0.5h19.5v-3.5c0-0.203 0.109-0.375 0.297-0.453s0.391-0.047 0.547 0.078l6 5.469c0.094 0.094 0.156 0.219 0.156 0.359v0z\"><\/path>\n\t\t\t<\/svg><\/span>\t\t\t\t<\/a>\n\t\t\t<\/p>\n\t\t<\/div><!-- .entry-actions -->\n\t\t<\/footer><!-- .entry-footer -->\t<\/div>\n<\/article>\n<article class=\"entry content-bg loop-entry post-98 post type-post status-publish format-standard hentry category-verein\">\n\t\t<div class=\"entry-content-wrap\">\n\t\t<header class=\"entry-header\">\n\t\t<div class=\"entry-taxonomies\">\n\t\t<span class=\"category-links term-links category-style-normal\">\n\t\t\t<a href=\"https:\/\/www.frauenhaus-steyr.at\/wordpress\/category\/verein\/\" rel=\"category tag\">Verein<\/a>\t\t<\/span>\n\t<\/div><!-- .entry-taxonomies -->\n\t<h5 class=\"entry-title\"><a href=\"https:\/\/www.frauenhaus-steyr.at\/wordpress\/2023\/04\/2001\/\" rel=\"bookmark\">2001<\/a><\/h5><\/header><!-- .entry-header -->\n\t<div class=\"entry-summary\">\n\t\t<p>Der Vertrag der O\u00d6 Frauenh\u00e4user mit der Landesregierung ist geschlossen. Genau definierte Leistungen des Vereines werden vom Land bezahlt.<\/p>\n\t<\/div><!-- .entry-summary -->\n\t<footer class=\"entry-footer\">\n\t\t\t<div class=\"entry-actions\">\n\t\t\t<p class=\"more-link-wrap\">\n\t\t\t\t<a href=\"https:\/\/www.frauenhaus-steyr.at\/wordpress\/2023\/04\/2001\/\" class=\"post-more-link\">\n\t\t\t\t\tWeiterlesen<span class=\"screen-reader-text\"> 2001<\/span><span class=\"kadence-svg-iconset svg-baseline\"><svg aria-hidden=\"true\" class=\"kadence-svg-icon kadence-arrow-right-alt-svg\" fill=\"currentColor\" version=\"1.1\" xmlns=\"http:\/\/www.w3.org\/2000\/svg\" width=\"27\" height=\"28\" viewBox=\"0 0 27 28\"><title>Continue<\/title><path d=\"M27 13.953c0 0.141-0.063 0.281-0.156 0.375l-6 5.531c-0.156 0.141-0.359 0.172-0.547 0.094-0.172-0.078-0.297-0.25-0.297-0.453v-3.5h-19.5c-0.281 0-0.5-0.219-0.5-0.5v-3c0-0.281 0.219-0.5 0.5-0.5h19.5v-3.5c0-0.203 0.109-0.375 0.297-0.453s0.391-0.047 0.547 0.078l6 5.469c0.094 0.094 0.156 0.219 0.156 0.359v0z\"><\/path>\n\t\t\t<\/svg><\/span>\t\t\t\t<\/a>\n\t\t\t<\/p>\n\t\t<\/div><!-- .entry-actions -->\n\t\t<\/footer><!-- .entry-footer -->\t<\/div>\n<\/article>\n<article class=\"entry content-bg loop-entry post-96 post type-post status-publish format-standard hentry category-verein\">\n\t\t<div class=\"entry-content-wrap\">\n\t\t<header class=\"entry-header\">\n\t\t<div class=\"entry-taxonomies\">\n\t\t<span class=\"category-links term-links category-style-normal\">\n\t\t\t<a href=\"https:\/\/www.frauenhaus-steyr.at\/wordpress\/category\/verein\/\" rel=\"category tag\">Verein<\/a>\t\t<\/span>\n\t<\/div><!-- .entry-taxonomies -->\n\t<h5 class=\"entry-title\"><a href=\"https:\/\/www.frauenhaus-steyr.at\/wordpress\/2023\/04\/1999\/\" rel=\"bookmark\">1999<\/a><\/h5><\/header><!-- .entry-header -->\n\t<div class=\"entry-summary\">\n\t\t<p>Novelle des Sozialhilfegesetzes &#8211; O\u00d6 Frauenh\u00e4user sind im SH Gesetz verankert (als erstes Bundesland in \u00d6sterreich) &#8211; das bedeutet erstmalige Finanzierung des gesamten laufenden Betriebes durch das Land O\u00d6. Verhandlungen \u00fcber einen Finanzierungsvertrag und dessen Details wie Leistungsangebot, Personaleinheiten etc. nehmen konkretere Formen an.<\/p>\n\t<\/div><!-- .entry-summary -->\n\t<footer class=\"entry-footer\">\n\t\t\t<div class=\"entry-actions\">\n\t\t\t<p class=\"more-link-wrap\">\n\t\t\t\t<a href=\"https:\/\/www.frauenhaus-steyr.at\/wordpress\/2023\/04\/1999\/\" class=\"post-more-link\">\n\t\t\t\t\tWeiterlesen<span class=\"screen-reader-text\"> 1999<\/span><span class=\"kadence-svg-iconset svg-baseline\"><svg aria-hidden=\"true\" class=\"kadence-svg-icon kadence-arrow-right-alt-svg\" fill=\"currentColor\" version=\"1.1\" xmlns=\"http:\/\/www.w3.org\/2000\/svg\" width=\"27\" height=\"28\" viewBox=\"0 0 27 28\"><title>Continue<\/title><path d=\"M27 13.953c0 0.141-0.063 0.281-0.156 0.375l-6 5.531c-0.156 0.141-0.359 0.172-0.547 0.094-0.172-0.078-0.297-0.25-0.297-0.453v-3.5h-19.5c-0.281 0-0.5-0.219-0.5-0.5v-3c0-0.281 0.219-0.5 0.5-0.5h19.5v-3.5c0-0.203 0.109-0.375 0.297-0.453s0.391-0.047 0.547 0.078l6 5.469c0.094 0.094 0.156 0.219 0.156 0.359v0z\"><\/path>\n\t\t\t<\/svg><\/span>\t\t\t\t<\/a>\n\t\t\t<\/p>\n\t\t<\/div><!-- .entry-actions -->\n\t\t<\/footer><!-- .entry-footer -->\t<\/div>\n<\/article>\n<article class=\"entry content-bg loop-entry post-94 post type-post status-publish format-standard hentry category-verein\">\n\t\t<div class=\"entry-content-wrap\">\n\t\t<header class=\"entry-header\">\n\t\t<div class=\"entry-taxonomies\">\n\t\t<span class=\"category-links term-links category-style-normal\">\n\t\t\t<a href=\"https:\/\/www.frauenhaus-steyr.at\/wordpress\/category\/verein\/\" rel=\"category tag\">Verein<\/a>\t\t<\/span>\n\t<\/div><!-- .entry-taxonomies -->\n\t<h5 class=\"entry-title\"><a href=\"https:\/\/www.frauenhaus-steyr.at\/wordpress\/2023\/04\/1992-bis-1996\/\" rel=\"bookmark\">1992 bis 1996<\/a><\/h5><\/header><!-- .entry-header -->\n\t<div class=\"entry-summary\">\n\t\t<p>St\u00e4ndige Probleme, den laufenden Betrieb zu finanzieren. Die Angebote wurden erweitert, vermehrte \u00d6ffentlichkeitsarbeit, hohe Belagszahlen.<\/p>\n\t<\/div><!-- .entry-summary -->\n\t<footer class=\"entry-footer\">\n\t\t\t<div class=\"entry-actions\">\n\t\t\t<p class=\"more-link-wrap\">\n\t\t\t\t<a href=\"https:\/\/www.frauenhaus-steyr.at\/wordpress\/2023\/04\/1992-bis-1996\/\" class=\"post-more-link\">\n\t\t\t\t\tWeiterlesen<span class=\"screen-reader-text\"> 1992 bis 1996<\/span><span class=\"kadence-svg-iconset svg-baseline\"><svg aria-hidden=\"true\" class=\"kadence-svg-icon kadence-arrow-right-alt-svg\" fill=\"currentColor\" version=\"1.1\" xmlns=\"http:\/\/www.w3.org\/2000\/svg\" width=\"27\" height=\"28\" viewBox=\"0 0 27 28\"><title>Continue<\/title><path d=\"M27 13.953c0 0.141-0.063 0.281-0.156 0.375l-6 5.531c-0.156 0.141-0.359 0.172-0.547 0.094-0.172-0.078-0.297-0.25-0.297-0.453v-3.5h-19.5c-0.281 0-0.5-0.219-0.5-0.5v-3c0-0.281 0.219-0.5 0.5-0.5h19.5v-3.5c0-0.203 0.109-0.375 0.297-0.453s0.391-0.047 0.547 0.078l6 5.469c0.094 0.094 0.156 0.219 0.156 0.359v0z\"><\/path>\n\t\t\t<\/svg><\/span>\t\t\t\t<\/a>\n\t\t\t<\/p>\n\t\t<\/div><!-- .entry-actions -->\n\t\t<\/footer><!-- .entry-footer -->\t<\/div>\n<\/article>\n<article class=\"entry content-bg loop-entry post-92 post type-post status-publish format-standard hentry category-verein\">\n\t\t<div class=\"entry-content-wrap\">\n\t\t<header class=\"entry-header\">\n\t\t<div class=\"entry-taxonomies\">\n\t\t<span class=\"category-links term-links category-style-normal\">\n\t\t\t<a href=\"https:\/\/www.frauenhaus-steyr.at\/wordpress\/category\/verein\/\" rel=\"category tag\">Verein<\/a>\t\t<\/span>\n\t<\/div><!-- .entry-taxonomies -->\n\t<h5 class=\"entry-title\"><a href=\"https:\/\/www.frauenhaus-steyr.at\/wordpress\/2023\/04\/juli-1992\/\" rel=\"bookmark\">Juli 1992<\/a><\/h5><\/header><!-- .entry-header -->\n\t<div class=\"entry-summary\">\n\t\t<p>Er\u00f6ffnung des Frauenhauses Steyr in der Wehrgrabengasse<\/p>\n\t<\/div><!-- .entry-summary -->\n\t<footer class=\"entry-footer\">\n\t\t\t<div class=\"entry-actions\">\n\t\t\t<p class=\"more-link-wrap\">\n\t\t\t\t<a href=\"https:\/\/www.frauenhaus-steyr.at\/wordpress\/2023\/04\/juli-1992\/\" class=\"post-more-link\">\n\t\t\t\t\tWeiterlesen<span class=\"screen-reader-text\"> Juli 1992<\/span><span class=\"kadence-svg-iconset svg-baseline\"><svg aria-hidden=\"true\" class=\"kadence-svg-icon kadence-arrow-right-alt-svg\" fill=\"currentColor\" version=\"1.1\" xmlns=\"http:\/\/www.w3.org\/2000\/svg\" width=\"27\" height=\"28\" viewBox=\"0 0 27 28\"><title>Continue<\/title><path d=\"M27 13.953c0 0.141-0.063 0.281-0.156 0.375l-6 5.531c-0.156 0.141-0.359 0.172-0.547 0.094-0.172-0.078-0.297-0.25-0.297-0.453v-3.5h-19.5c-0.281 0-0.5-0.219-0.5-0.5v-3c0-0.281 0.219-0.5 0.5-0.5h19.5v-3.5c0-0.203 0.109-0.375 0.297-0.453s0.391-0.047 0.547 0.078l6 5.469c0.094 0.094 0.156 0.219 0.156 0.359v0z\"><\/path>\n\t\t\t<\/svg><\/span>\t\t\t\t<\/a>\n\t\t\t<\/p>\n\t\t<\/div><!-- .entry-actions -->\n\t\t<\/footer><!-- .entry-footer -->\t<\/div>\n<\/article>\n<article class=\"entry content-bg loop-entry post-90 post type-post status-publish format-standard hentry category-verein\">\n\t\t<div class=\"entry-content-wrap\">\n\t\t<header class=\"entry-header\">\n\t\t<div class=\"entry-taxonomies\">\n\t\t<span class=\"category-links term-links category-style-normal\">\n\t\t\t<a href=\"https:\/\/www.frauenhaus-steyr.at\/wordpress\/category\/verein\/\" rel=\"category tag\">Verein<\/a>\t\t<\/span>\n\t<\/div><!-- .entry-taxonomies -->\n\t<h5 class=\"entry-title\"><a href=\"https:\/\/www.frauenhaus-steyr.at\/wordpress\/2023\/04\/1989-bis-1992\/\" rel=\"bookmark\">1989 bis 1992<\/a><\/h5><\/header><!-- .entry-header -->\n\t<div class=\"entry-summary\">\n\t\t<p>Mit J\u00e4nner 1989 konnte \u00fcber AMS F\u00f6rderung die erste Mitarbeiterin angestellt werden. Die B\u00fcrozeiten wurden erweitert und die \u00d6ffentlichkeitsarbeit ausgebaut. Durch die konstante Anwesenheit einer Mitarbeiterin wurde die Betreuung und Beratung betroffener Frauen intensiviert. Die Anstellung einer weiteren Mitarbeiterin 1990 wurde notwendig und die zweite Wohnung konnte angemietet werden. Anhand der steigenden Zahlen der betroffenen &hellip;<\/p>\n<p class=\"read-more\"> <a class=\"\" href=\"https:\/\/www.frauenhaus-steyr.at\/wordpress\/2023\/04\/1989-bis-1992\/\"> <span class=\"screen-reader-text\">1989 bis 1992<\/span> Weiterlesen &raquo;<\/a><\/p>\n\t<\/div><!-- .entry-summary -->\n\t<footer class=\"entry-footer\">\n\t\t\t<div class=\"entry-actions\">\n\t\t\t<p class=\"more-link-wrap\">\n\t\t\t\t<a href=\"https:\/\/www.frauenhaus-steyr.at\/wordpress\/2023\/04\/1989-bis-1992\/\" class=\"post-more-link\">\n\t\t\t\t\tWeiterlesen<span class=\"screen-reader-text\"> 1989 bis 1992<\/span><span class=\"kadence-svg-iconset svg-baseline\"><svg aria-hidden=\"true\" class=\"kadence-svg-icon kadence-arrow-right-alt-svg\" fill=\"currentColor\" version=\"1.1\" xmlns=\"http:\/\/www.w3.org\/2000\/svg\" width=\"27\" height=\"28\" viewBox=\"0 0 27 28\"><title>Continue<\/title><path d=\"M27 13.953c0 0.141-0.063 0.281-0.156 0.375l-6 5.531c-0.156 0.141-0.359 0.172-0.547 0.094-0.172-0.078-0.297-0.25-0.297-0.453v-3.5h-19.5c-0.281 0-0.5-0.219-0.5-0.5v-3c0-0.281 0.219-0.5 0.5-0.5h19.5v-3.5c0-0.203 0.109-0.375 0.297-0.453s0.391-0.047 0.547 0.078l6 5.469c0.094 0.094 0.156 0.219 0.156 0.359v0z\"><\/path>\n\t\t\t<\/svg><\/span>\t\t\t\t<\/a>\n\t\t\t<\/p>\n\t\t<\/div><!-- .entry-actions -->\n\t\t<\/footer><!-- .entry-footer -->\t<\/div>\n<\/article>\n<article class=\"entry content-bg loop-entry post-88 post type-post status-publish format-standard hentry category-verein\">\n\t\t<div class=\"entry-content-wrap\">\n\t\t<header class=\"entry-header\">\n\t\t<div class=\"entry-taxonomies\">\n\t\t<span class=\"category-links term-links category-style-normal\">\n\t\t\t<a href=\"https:\/\/www.frauenhaus-steyr.at\/wordpress\/category\/verein\/\" rel=\"category tag\">Verein<\/a>\t\t<\/span>\n\t<\/div><!-- .entry-taxonomies -->\n\t<h5 class=\"entry-title\"><a href=\"https:\/\/www.frauenhaus-steyr.at\/wordpress\/2023\/04\/1984-bis-1988\/\" rel=\"bookmark\">1984 bis 1988<\/a><\/h5><\/header><!-- .entry-header -->\n\t<div class=\"entry-summary\">\n\t\t<p>Gr\u00fcndung des Vereines &#8222;Notruf f\u00fcr vergewaltigte, misshandelte und bedrohte Frauen&#8220;. \u00d6ffentliche Bekanntmachung eines Notrufdienstes f\u00fcr Frauen, Beratungsstunden, rechtliche Information und Begleitung bei amtlichen Wegen. Eine kleine Wohnung konnte angemietet werden und wurde durch die Mitgliedsbeitr\u00e4ge der Vereinsfrauen finanziert. Das Engagement f\u00fcr betroffene Frauen war nach wie vor ehrenamtlich. Die Vereinsgr\u00fcndung erm\u00f6glichte, minimale F\u00f6rderungen der Sachkosten &hellip;<\/p>\n<p class=\"read-more\"> <a class=\"\" href=\"https:\/\/www.frauenhaus-steyr.at\/wordpress\/2023\/04\/1984-bis-1988\/\"> <span class=\"screen-reader-text\">1984 bis 1988<\/span> Weiterlesen &raquo;<\/a><\/p>\n\t<\/div><!-- .entry-summary -->\n\t<footer class=\"entry-footer\">\n\t\t\t<div class=\"entry-actions\">\n\t\t\t<p class=\"more-link-wrap\">\n\t\t\t\t<a href=\"https:\/\/www.frauenhaus-steyr.at\/wordpress\/2023\/04\/1984-bis-1988\/\" class=\"post-more-link\">\n\t\t\t\t\tWeiterlesen<span class=\"screen-reader-text\"> 1984 bis 1988<\/span><span class=\"kadence-svg-iconset svg-baseline\"><svg aria-hidden=\"true\" class=\"kadence-svg-icon kadence-arrow-right-alt-svg\" fill=\"currentColor\" version=\"1.1\" xmlns=\"http:\/\/www.w3.org\/2000\/svg\" width=\"27\" height=\"28\" viewBox=\"0 0 27 28\"><title>Continue<\/title><path d=\"M27 13.953c0 0.141-0.063 0.281-0.156 0.375l-6 5.531c-0.156 0.141-0.359 0.172-0.547 0.094-0.172-0.078-0.297-0.25-0.297-0.453v-3.5h-19.5c-0.281 0-0.5-0.219-0.5-0.5v-3c0-0.281 0.219-0.5 0.5-0.5h19.5v-3.5c0-0.203 0.109-0.375 0.297-0.453s0.391-0.047 0.547 0.078l6 5.469c0.094 0.094 0.156 0.219 0.156 0.359v0z\"><\/path>\n\t\t\t<\/svg><\/span>\t\t\t\t<\/a>\n\t\t\t<\/p>\n\t\t<\/div><!-- .entry-actions -->\n\t\t<\/footer><!-- .entry-footer -->\t<\/div>\n<\/article>\n<article class=\"entry content-bg loop-entry post-85 post type-post status-publish format-standard hentry category-verein\">\n\t\t<div class=\"entry-content-wrap\">\n\t\t<header class=\"entry-header\">\n\t\t<div class=\"entry-taxonomies\">\n\t\t<span class=\"category-links term-links category-style-normal\">\n\t\t\t<a href=\"https:\/\/www.frauenhaus-steyr.at\/wordpress\/category\/verein\/\" rel=\"category tag\">Verein<\/a>\t\t<\/span>\n\t<\/div><!-- .entry-taxonomies -->\n\t<h5 class=\"entry-title\"><a href=\"https:\/\/www.frauenhaus-steyr.at\/wordpress\/2023\/04\/1977-bis-1984\/\" rel=\"bookmark\">1977 bis 1984<\/a><\/h5><\/header><!-- .entry-header -->\n\t<div class=\"entry-summary\">\n\t\t<p>In diesem Zeitraum traf sich, vorerst in privatem Rahmen, regelm\u00e4\u00dfig eine Gruppe von Frauen, um pers\u00f6nliche Erfahrungen und Probleme auszutauschen. Bald entstand der Wunsch, dieser Gruppe einen breiteren und \u00f6ffentlichen Rahmen zu geben &#8211; ein Frauencafe wurde ins Leben gerufen. Dies war die eigentliche Geburtsstunde des heutigen Frauenhauses, denn es dauerte nicht lange, und immer &hellip;<\/p>\n<p class=\"read-more\"> <a class=\"\" href=\"https:\/\/www.frauenhaus-steyr.at\/wordpress\/2023\/04\/1977-bis-1984\/\"> <span class=\"screen-reader-text\">1977 bis 1984<\/span> Weiterlesen &raquo;<\/a><\/p>\n\t<\/div><!-- .entry-summary -->\n\t<footer class=\"entry-footer\">\n\t\t\t<div class=\"entry-actions\">\n\t\t\t<p class=\"more-link-wrap\">\n\t\t\t\t<a href=\"https:\/\/www.frauenhaus-steyr.at\/wordpress\/2023\/04\/1977-bis-1984\/\" class=\"post-more-link\">\n\t\t\t\t\tWeiterlesen<span class=\"screen-reader-text\"> 1977 bis 1984<\/span><span class=\"kadence-svg-iconset svg-baseline\"><svg aria-hidden=\"true\" class=\"kadence-svg-icon kadence-arrow-right-alt-svg\" fill=\"currentColor\" version=\"1.1\" xmlns=\"http:\/\/www.w3.org\/2000\/svg\" width=\"27\" height=\"28\" viewBox=\"0 0 27 28\"><title>Continue<\/title><path d=\"M27 13.953c0 0.141-0.063 0.281-0.156 0.375l-6 5.531c-0.156 0.141-0.359 0.172-0.547 0.094-0.172-0.078-0.297-0.25-0.297-0.453v-3.5h-19.5c-0.281 0-0.5-0.219-0.5-0.5v-3c0-0.281 0.219-0.5 0.5-0.5h19.5v-3.5c0-0.203 0.109-0.375 0.297-0.453s0.391-0.047 0.547 0.078l6 5.469c0.094 0.094 0.156 0.219 0.156 0.359v0z\"><\/path>\n\t\t\t<\/svg><\/span>\t\t\t\t<\/a>\n\t\t\t<\/p>\n\t\t<\/div><!-- .entry-actions -->\n\t\t<\/footer><!-- .entry-footer -->\t<\/div>\n<\/article>\n<\/div>","protected":false},"excerpt":{"rendered":"","protected":false},"author":3,"featured_media":0,"parent":0,"menu_order":0,"comment_status":"closed","ping_status":"closed","template":"","meta":{"advgb_blocks_editor_width":"","advgb_blocks_columns_visual_guide":"","_coblocks_attr":"","_coblocks_dimensions":"","_coblocks_responsive_height":"","_coblocks_accordion_ie_support":"","site-sidebar-layout":"default","site-content-layout":"default","ast-global-header-display":"","ast-main-header-display":"","ast-hfb-above-header-display":"","ast-hfb-below-header-display":"","ast-hfb-mobile-header-display":"","site-post-title":"","ast-breadcrumbs-content":"","ast-featured-img":"","footer-sml-layout":"","theme-transparent-header-meta":"","adv-header-id-meta":"","stick-header-meta":"","header-above-stick-meta":"","header-main-stick-meta":"","header-below-stick-meta":"","footnotes":""},"class_list":["post-81","page","type-page","status-publish","hentry"],"coauthors":[],"author_meta":{"author_link":"https:\/\/www.frauenhaus-steyr.at\/wordpress\/author\/frauenhaus\/","display_name":"Frauenhaus"},"relative_dates":{"created":"Posted 3\u00a0Jahren ago","modified":"Updated 3\u00a0Jahren ago"},"absolute_dates":{"created":"Posted on April 16, 2023","modified":"Updated on November 1, 2023"},"absolute_dates_time":{"created":"Posted on April 16, 2023 9:16 a.m.","modified":"Updated on November 1, 2023 8:36 a.m."},"featured_img_caption":"","featured_img":false,"series_order":"","_links":{"self":[{"href":"https:\/\/www.frauenhaus-steyr.at\/wordpress\/wp-json\/wp\/v2\/pages\/81","targetHints":{"allow":["GET"]}}],"collection":[{"href":"https:\/\/www.frauenhaus-steyr.at\/wordpress\/wp-json\/wp\/v2\/pages"}],"about":[{"href":"https:\/\/www.frauenhaus-steyr.at\/wordpress\/wp-json\/wp\/v2\/types\/page"}],"author":[{"embeddable":true,"href":"https:\/\/www.frauenhaus-steyr.at\/wordpress\/wp-json\/wp\/v2\/users\/3"}],"replies":[{"embeddable":true,"href":"https:\/\/www.frauenhaus-steyr.at\/wordpress\/wp-json\/wp\/v2\/comments?post=81"}],"version-history":[{"count":3,"href":"https:\/\/www.frauenhaus-steyr.at\/wordpress\/wp-json\/wp\/v2\/pages\/81\/revisions"}],"predecessor-version":[{"id":1907,"href":"https:\/\/www.frauenhaus-steyr.at\/wordpress\/wp-json\/wp\/v2\/pages\/81\/revisions\/1907"}],"wp:attachment":[{"href":"https:\/\/www.frauenhaus-steyr.at\/wordpress\/wp-json\/wp\/v2\/media?parent=81"}],"curies":[{"name":"wp","href":"https:\/\/api.w.org\/{rel}","templated":true}]}}