{"id":71,"date":"2023-04-15T20:08:33","date_gmt":"2023-04-15T20:08:33","guid":{"rendered":"https:\/\/www.frauenhaus-steyr.at\/wordpress\/?page_id=71"},"modified":"2023-07-15T08:05:44","modified_gmt":"2023-07-15T08:05:44","slug":"istanbulkonvention","status":"publish","type":"page","link":"https:\/\/www.frauenhaus-steyr.at\/wordpress\/istanbulkonvention\/","title":{"rendered":"Istanbulkonvention"},"content":{"rendered":"\n<p>Am 1. August 2014 ist das \u201e\u00dcbereinkommen des Europarats zur Verh\u00fctung und Bek\u00e4mpfung von Gewalt gegen Frauen und h\u00e4uslicher Gewalt\u201c, die so genannte Istanbulkonvention, in Kraft getreten.<\/p>\n\n\n\n<p>Die Konvention gilt ab Inkrafttreten als das derzeit wichtigste Rechtsinstrument gegen Gewalt an Frauen in Europa: Sie schafft verbindliche Rechtsnormen gegen Gewalt an Frauen und h\u00e4usliche Gewalt.<\/p>\n\n\n\n<p>Die Istanbulkonvention hat zum Ziel, Gewalt an Frauen zu beenden. Daf\u00fcr sieht sie umfassende Ma\u00dfnahmen in den Bereichen Pr\u00e4vention, Betreuung und Hilfe, Rechtsschutz sowie zivil- und strafrechtliche Verfahren vor. Sie orientiert sich an den Schlagw\u00f6rtern \u201eVerh\u00fctung\u201c, \u201eSchutz\u201c, \u201eStrafverfolgung\u201c und \u201eIneinandergreifende politische Ma\u00dfnahmen\u201c.<\/p>\n\n\n\n<div class=\"wp-block-buttons is-layout-flex wp-block-buttons-is-layout-flex\">\n<div class=\"wp-block-button\"><a class=\"wp-block-button__link wp-element-button\" href=\"http:\/\/www.aoef.at\/images\/03_gesetze\/3-5_istanbulkonvention\/istanbulkonvention_uebereinkommen_u_berichte.pdf\" target=\"_blank\" rel=\"noreferrer noopener\">Mehr Informationen<\/a><\/div>\n<\/div>\n\n\n\n<p><\/p>\n","protected":false},"excerpt":{"rendered":"<p>Am 1. August 2014 ist das \u201e\u00dcbereinkommen des Europarats zur Verh\u00fctung und Bek\u00e4mpfung von Gewalt gegen Frauen und h\u00e4uslicher Gewalt\u201c, die so genannte Istanbulkonvention, in Kraft getreten. Die Konvention gilt ab Inkrafttreten als das derzeit wichtigste Rechtsinstrument gegen Gewalt an Frauen in Europa: Sie schafft verbindliche Rechtsnormen gegen Gewalt an Frauen und h\u00e4usliche Gewalt. Die &hellip;<\/p>\n<p class=\"read-more\"> <a class=\"\" href=\"https:\/\/www.frauenhaus-steyr.at\/wordpress\/istanbulkonvention\/\"> <span class=\"screen-reader-text\">Istanbulkonvention<\/span> Weiterlesen &raquo;<\/a><\/p>\n","protected":false},"author":3,"featured_media":0,"parent":0,"menu_order":0,"comment_status":"closed","ping_status":"closed","template":"","meta":{"advgb_blocks_editor_width":"","advgb_blocks_columns_visual_guide":"","_coblocks_attr":"","_coblocks_dimensions":"","_coblocks_responsive_height":"","_coblocks_accordion_ie_support":"","site-sidebar-layout":"default","site-content-layout":"default","ast-global-header-display":"","ast-main-header-display":"","ast-hfb-above-header-display":"","ast-hfb-below-header-display":"","ast-hfb-mobile-header-display":"","site-post-title":"","ast-breadcrumbs-content":"","ast-featured-img":"","footer-sml-layout":"","theme-transparent-header-meta":"","adv-header-id-meta":"","stick-header-meta":"","header-above-stick-meta":"","header-main-stick-meta":"","header-below-stick-meta":"","footnotes":""},"class_list":["post-71","page","type-page","status-publish","hentry"],"coauthors":[],"author_meta":{"author_link":"https:\/\/www.frauenhaus-steyr.at\/wordpress\/author\/frauenhaus\/","display_name":"Frauenhaus"},"relative_dates":{"created":"Posted 3\u00a0Jahren ago","modified":"Updated 3\u00a0Jahren ago"},"absolute_dates":{"created":"Posted on April 15, 2023","modified":"Updated on Juli 15, 2023"},"absolute_dates_time":{"created":"Posted on April 15, 2023 8:08 p.m.","modified":"Updated on Juli 15, 2023 8:05 a.m."},"featured_img_caption":"","featured_img":false,"series_order":"","_links":{"self":[{"href":"https:\/\/www.frauenhaus-steyr.at\/wordpress\/wp-json\/wp\/v2\/pages\/71","targetHints":{"allow":["GET"]}}],"collection":[{"href":"https:\/\/www.frauenhaus-steyr.at\/wordpress\/wp-json\/wp\/v2\/pages"}],"about":[{"href":"https:\/\/www.frauenhaus-steyr.at\/wordpress\/wp-json\/wp\/v2\/types\/page"}],"author":[{"embeddable":true,"href":"https:\/\/www.frauenhaus-steyr.at\/wordpress\/wp-json\/wp\/v2\/users\/3"}],"replies":[{"embeddable":true,"href":"https:\/\/www.frauenhaus-steyr.at\/wordpress\/wp-json\/wp\/v2\/comments?post=71"}],"version-history":[{"count":9,"href":"https:\/\/www.frauenhaus-steyr.at\/wordpress\/wp-json\/wp\/v2\/pages\/71\/revisions"}],"predecessor-version":[{"id":1726,"href":"https:\/\/www.frauenhaus-steyr.at\/wordpress\/wp-json\/wp\/v2\/pages\/71\/revisions\/1726"}],"wp:attachment":[{"href":"https:\/\/www.frauenhaus-steyr.at\/wordpress\/wp-json\/wp\/v2\/media?parent=71"}],"curies":[{"name":"wp","href":"https:\/\/api.w.org\/{rel}","templated":true}]}}