{"id":67,"date":"2023-04-15T20:07:51","date_gmt":"2023-04-15T20:07:51","guid":{"rendered":"https:\/\/www.frauenhaus-steyr.at\/wordpress\/?page_id=67"},"modified":"2023-07-15T07:53:14","modified_gmt":"2023-07-15T07:53:14","slug":"einstweilige-verfuegung","status":"publish","type":"page","link":"https:\/\/www.frauenhaus-steyr.at\/wordpress\/einstweilige-verfuegung\/","title":{"rendered":"Einstweilige Verf\u00fcgung"},"content":{"rendered":"\n<p>Um Schutz nach einem Betretungsverbot zu erreichen, muss sich das Opfer innerhalb von zwei Wochen nach dem Einsatz der Polizei an das Gericht wenden. Durch die Einstweilige Verf\u00fcgung wird der gewalt\u00e4tigen Person verboten, in die Umgebung des Wohnbereichs zur\u00fcckzukehren. Zus\u00e4tzlich kann dieses Verbot auf bestimmte Orte wie zum Beispiel den Arbeitsplatz, die Schule und den Kindergarten ausgeweitet werden.<\/p>\n\n\n\n<p>Die Einstweilige Verf\u00fcgung setzt aber nicht voraus, dass die Polizei ein Betretungsverbot ausgesprochen hat. Das Opfer kann also auch unabh\u00e4ngig davon und ohne an eine Frist gebunden zu sein das Gericht aufsuchen.<\/p>\n\n\n\n<p>Grunds\u00e4tzlich ist die Dauer der einstweiligen Verf\u00fcgung auf ein Jahr beschr\u00e4nkt. Wenn innerhalb der festgelegten Geltungsdauer ein familienrechtliches Verfahren l\u00e4uft, kann die Verf\u00fcgung bis zum Ende des Verfahrens wirken.<\/p>\n","protected":false},"excerpt":{"rendered":"<p>Um Schutz nach einem Betretungsverbot zu erreichen, muss sich das Opfer innerhalb von zwei Wochen nach dem Einsatz der Polizei an das Gericht wenden. Durch die Einstweilige Verf\u00fcgung wird der gewalt\u00e4tigen Person verboten, in die Umgebung des Wohnbereichs zur\u00fcckzukehren. Zus\u00e4tzlich kann dieses Verbot auf bestimmte Orte wie zum Beispiel den Arbeitsplatz, die Schule und den &hellip;<\/p>\n<p class=\"read-more\"> <a class=\"\" href=\"https:\/\/www.frauenhaus-steyr.at\/wordpress\/einstweilige-verfuegung\/\"> <span class=\"screen-reader-text\">Einstweilige Verf\u00fcgung<\/span> Weiterlesen &raquo;<\/a><\/p>\n","protected":false},"author":3,"featured_media":0,"parent":0,"menu_order":0,"comment_status":"closed","ping_status":"closed","template":"","meta":{"advgb_blocks_editor_width":"","advgb_blocks_columns_visual_guide":"","_coblocks_attr":"","_coblocks_dimensions":"","_coblocks_responsive_height":"","_coblocks_accordion_ie_support":"","site-sidebar-layout":"default","site-content-layout":"default","ast-global-header-display":"","ast-main-header-display":"","ast-hfb-above-header-display":"","ast-hfb-below-header-display":"","ast-hfb-mobile-header-display":"","site-post-title":"","ast-breadcrumbs-content":"","ast-featured-img":"","footer-sml-layout":"","theme-transparent-header-meta":"","adv-header-id-meta":"","stick-header-meta":"","header-above-stick-meta":"","header-main-stick-meta":"","header-below-stick-meta":"","footnotes":""},"class_list":["post-67","page","type-page","status-publish","hentry"],"coauthors":[],"author_meta":{"author_link":"https:\/\/www.frauenhaus-steyr.at\/wordpress\/author\/frauenhaus\/","display_name":"Frauenhaus"},"relative_dates":{"created":"Posted 3\u00a0Jahren ago","modified":"Updated 3\u00a0Jahren ago"},"absolute_dates":{"created":"Posted on April 15, 2023","modified":"Updated on Juli 15, 2023"},"absolute_dates_time":{"created":"Posted on April 15, 2023 8:07 p.m.","modified":"Updated on Juli 15, 2023 7:53 a.m."},"featured_img_caption":"","featured_img":false,"series_order":"","_links":{"self":[{"href":"https:\/\/www.frauenhaus-steyr.at\/wordpress\/wp-json\/wp\/v2\/pages\/67","targetHints":{"allow":["GET"]}}],"collection":[{"href":"https:\/\/www.frauenhaus-steyr.at\/wordpress\/wp-json\/wp\/v2\/pages"}],"about":[{"href":"https:\/\/www.frauenhaus-steyr.at\/wordpress\/wp-json\/wp\/v2\/types\/page"}],"author":[{"embeddable":true,"href":"https:\/\/www.frauenhaus-steyr.at\/wordpress\/wp-json\/wp\/v2\/users\/3"}],"replies":[{"embeddable":true,"href":"https:\/\/www.frauenhaus-steyr.at\/wordpress\/wp-json\/wp\/v2\/comments?post=67"}],"version-history":[{"count":4,"href":"https:\/\/www.frauenhaus-steyr.at\/wordpress\/wp-json\/wp\/v2\/pages\/67\/revisions"}],"predecessor-version":[{"id":1717,"href":"https:\/\/www.frauenhaus-steyr.at\/wordpress\/wp-json\/wp\/v2\/pages\/67\/revisions\/1717"}],"wp:attachment":[{"href":"https:\/\/www.frauenhaus-steyr.at\/wordpress\/wp-json\/wp\/v2\/media?parent=67"}],"curies":[{"name":"wp","href":"https:\/\/api.w.org\/{rel}","templated":true}]}}