{"id":63,"date":"2023-04-15T20:06:59","date_gmt":"2023-04-15T20:06:59","guid":{"rendered":"https:\/\/www.frauenhaus-steyr.at\/wordpress\/?page_id=63"},"modified":"2023-07-15T08:00:12","modified_gmt":"2023-07-15T08:00:12","slug":"gewaltschutzgesetz","status":"publish","type":"page","link":"https:\/\/www.frauenhaus-steyr.at\/wordpress\/gewaltschutzgesetz\/","title":{"rendered":"Gewaltschutzgesetz"},"content":{"rendered":"\n<p>Mit dem sogenannten Gewaltschutzgesetz wurden rechtliche Voraussetzungen f\u00fcr einen raschen und effizienten Schutz von Opfern h\u00e4uslicher Gewalt geschaffen:<\/p>\n\n\n\n<p>Das Gewaltschutzgesetz erm\u00e4chtigt die Polizei, einen Gef\u00e4hrder aus der Wohnung, in der die gef\u00e4hrdete Person lebt, wegzuweisen und mit einem Betretungsverbot zu belegen.<\/p>\n\n\n\n<p>Wenn l\u00e4ngerer Schutz vor dem Gef\u00e4hrder notwendig ist, hat die gef\u00e4hrdete Person die M\u00f6glichkeit, einen Antrag auf Erlassung einer Einstweiligen Verf\u00fcgung bei Gericht zu stellen.<\/p>\n\n\n\n<p>In jedem Bundesland wurde ein Gewaltschutzzentrum bzw. eine Interventionsstelle gegen Gewalt in der Familie zur umfassenden Unterst\u00fctzung gef\u00e4hrdeter Personen eingerichtet.<\/p>\n\n\n\n<p>Das erste Gewaltschutzgesetz (Bundesgesetz zum Schutz vor Gewalt in der Familie, BGBl. Nr. 759\/1996) ist am 1. Mai 1997 in Kraft getreten. Das Gesetz wurde 1999, 2002 und 2004 in Teilbereichen ge\u00e4ndert und verbessert. Am 1. Juni 2009 trat das sogenannte Zweite Gewaltschutzgesetz in Kraft, das den Schutz f\u00fcr Opfer und ihre Unterst\u00fctzung in weiten Teilen verbessert hat.<\/p>\n\n\n\n<div class=\"wp-block-buttons is-layout-flex wp-block-buttons-is-layout-flex\">\n<div class=\"wp-block-button\"><a class=\"wp-block-button__link wp-element-button\" href=\"https:\/\/www.aoef.at\/index.php\/gesetze-zum-schutz-vor-gewalt\" target=\"_blank\" rel=\"noreferrer noopener\">Mehr Informationen<\/a><\/div>\n<\/div>\n","protected":false},"excerpt":{"rendered":"<p>Mit dem sogenannten Gewaltschutzgesetz wurden rechtliche Voraussetzungen f\u00fcr einen raschen und effizienten Schutz von Opfern h\u00e4uslicher Gewalt geschaffen: Das Gewaltschutzgesetz erm\u00e4chtigt die Polizei, einen Gef\u00e4hrder aus der Wohnung, in der die gef\u00e4hrdete Person lebt, wegzuweisen und mit einem Betretungsverbot zu belegen. Wenn l\u00e4ngerer Schutz vor dem Gef\u00e4hrder notwendig ist, hat die gef\u00e4hrdete Person die M\u00f6glichkeit, &hellip;<\/p>\n<p class=\"read-more\"> <a class=\"\" href=\"https:\/\/www.frauenhaus-steyr.at\/wordpress\/gewaltschutzgesetz\/\"> <span class=\"screen-reader-text\">Gewaltschutzgesetz<\/span> Weiterlesen &raquo;<\/a><\/p>\n","protected":false},"author":3,"featured_media":0,"parent":0,"menu_order":0,"comment_status":"closed","ping_status":"closed","template":"","meta":{"advgb_blocks_editor_width":"","advgb_blocks_columns_visual_guide":"","_coblocks_attr":"","_coblocks_dimensions":"","_coblocks_responsive_height":"","_coblocks_accordion_ie_support":"","site-sidebar-layout":"default","site-content-layout":"default","ast-global-header-display":"","ast-main-header-display":"","ast-hfb-above-header-display":"","ast-hfb-below-header-display":"","ast-hfb-mobile-header-display":"","site-post-title":"","ast-breadcrumbs-content":"","ast-featured-img":"","footer-sml-layout":"","theme-transparent-header-meta":"","adv-header-id-meta":"","stick-header-meta":"","header-above-stick-meta":"","header-main-stick-meta":"","header-below-stick-meta":"","footnotes":""},"class_list":["post-63","page","type-page","status-publish","hentry"],"coauthors":[],"author_meta":{"author_link":"https:\/\/www.frauenhaus-steyr.at\/wordpress\/author\/frauenhaus\/","display_name":"Frauenhaus"},"relative_dates":{"created":"Posted 3\u00a0Jahren ago","modified":"Updated 3\u00a0Jahren ago"},"absolute_dates":{"created":"Posted on April 15, 2023","modified":"Updated on Juli 15, 2023"},"absolute_dates_time":{"created":"Posted on April 15, 2023 8:06 p.m.","modified":"Updated on Juli 15, 2023 8:00 a.m."},"featured_img_caption":"","featured_img":false,"series_order":"","_links":{"self":[{"href":"https:\/\/www.frauenhaus-steyr.at\/wordpress\/wp-json\/wp\/v2\/pages\/63","targetHints":{"allow":["GET"]}}],"collection":[{"href":"https:\/\/www.frauenhaus-steyr.at\/wordpress\/wp-json\/wp\/v2\/pages"}],"about":[{"href":"https:\/\/www.frauenhaus-steyr.at\/wordpress\/wp-json\/wp\/v2\/types\/page"}],"author":[{"embeddable":true,"href":"https:\/\/www.frauenhaus-steyr.at\/wordpress\/wp-json\/wp\/v2\/users\/3"}],"replies":[{"embeddable":true,"href":"https:\/\/www.frauenhaus-steyr.at\/wordpress\/wp-json\/wp\/v2\/comments?post=63"}],"version-history":[{"count":6,"href":"https:\/\/www.frauenhaus-steyr.at\/wordpress\/wp-json\/wp\/v2\/pages\/63\/revisions"}],"predecessor-version":[{"id":1721,"href":"https:\/\/www.frauenhaus-steyr.at\/wordpress\/wp-json\/wp\/v2\/pages\/63\/revisions\/1721"}],"wp:attachment":[{"href":"https:\/\/www.frauenhaus-steyr.at\/wordpress\/wp-json\/wp\/v2\/media?parent=63"}],"curies":[{"name":"wp","href":"https:\/\/api.w.org\/{rel}","templated":true}]}}