{"id":55,"date":"2023-04-15T20:05:07","date_gmt":"2023-04-15T20:05:07","guid":{"rendered":"https:\/\/www.frauenhaus-steyr.at\/wordpress\/?page_id=55"},"modified":"2023-07-15T08:07:56","modified_gmt":"2023-07-15T08:07:56","slug":"prozessbegleitung","status":"publish","type":"page","link":"https:\/\/www.frauenhaus-steyr.at\/wordpress\/prozessbegleitung\/","title":{"rendered":"Prozessbegleitung"},"content":{"rendered":"\n<p>Das Frauenhaus bietet kostenlose Prozessbegleitung f\u00fcr die Bewohnerinnen.<br>F\u00fcr Frauen, die nicht im Frauenhaus wohnen \u00fcbernimmt das Gewaltschutzzentrum in Linz die Informationsweitergabe und Prozessbegleitung.<\/p>\n\n\n\n<div class=\"wp-block-buttons is-layout-flex wp-block-buttons-is-layout-flex\">\n<div class=\"wp-block-button\"><a class=\"wp-block-button__link wp-element-button\" href=\"https:\/\/www.gewaltschutzzentrum.at\/ooe\/\" target=\"_blank\" rel=\"noreferrer noopener\">Gewaltschutzzentrum<\/a><\/div>\n<\/div>\n\n\n\n<p>     Stockhofstra\u00dfe 40, 4020 Linz<br>     0732 \/ 60 77 60<\/p>\n","protected":false},"excerpt":{"rendered":"<p>Das Frauenhaus bietet kostenlose Prozessbegleitung f\u00fcr die Bewohnerinnen.F\u00fcr Frauen, die nicht im Frauenhaus wohnen \u00fcbernimmt das Gewaltschutzzentrum in Linz die Informationsweitergabe und Prozessbegleitung. Stockhofstra\u00dfe 40, 4020 Linz 0732 \/ 60 77 60<\/p>\n","protected":false},"author":3,"featured_media":0,"parent":0,"menu_order":0,"comment_status":"closed","ping_status":"closed","template":"","meta":{"advgb_blocks_editor_width":"","advgb_blocks_columns_visual_guide":"","_coblocks_attr":"","_coblocks_dimensions":"","_coblocks_responsive_height":"","_coblocks_accordion_ie_support":"","site-sidebar-layout":"default","site-content-layout":"default","ast-global-header-display":"","ast-main-header-display":"","ast-hfb-above-header-display":"","ast-hfb-below-header-display":"","ast-hfb-mobile-header-display":"","site-post-title":"","ast-breadcrumbs-content":"","ast-featured-img":"","footer-sml-layout":"","theme-transparent-header-meta":"","adv-header-id-meta":"","stick-header-meta":"","header-above-stick-meta":"","header-main-stick-meta":"","header-below-stick-meta":"","footnotes":""},"class_list":["post-55","page","type-page","status-publish","hentry"],"coauthors":[],"author_meta":{"author_link":"https:\/\/www.frauenhaus-steyr.at\/wordpress\/author\/frauenhaus\/","display_name":"Frauenhaus"},"relative_dates":{"created":"Posted 3\u00a0Jahren ago","modified":"Updated 3\u00a0Jahren ago"},"absolute_dates":{"created":"Posted on April 15, 2023","modified":"Updated on Juli 15, 2023"},"absolute_dates_time":{"created":"Posted on April 15, 2023 8:05 p.m.","modified":"Updated on Juli 15, 2023 8:07 a.m."},"featured_img_caption":"","featured_img":false,"series_order":"","_links":{"self":[{"href":"https:\/\/www.frauenhaus-steyr.at\/wordpress\/wp-json\/wp\/v2\/pages\/55","targetHints":{"allow":["GET"]}}],"collection":[{"href":"https:\/\/www.frauenhaus-steyr.at\/wordpress\/wp-json\/wp\/v2\/pages"}],"about":[{"href":"https:\/\/www.frauenhaus-steyr.at\/wordpress\/wp-json\/wp\/v2\/types\/page"}],"author":[{"embeddable":true,"href":"https:\/\/www.frauenhaus-steyr.at\/wordpress\/wp-json\/wp\/v2\/users\/3"}],"replies":[{"embeddable":true,"href":"https:\/\/www.frauenhaus-steyr.at\/wordpress\/wp-json\/wp\/v2\/comments?post=55"}],"version-history":[{"count":4,"href":"https:\/\/www.frauenhaus-steyr.at\/wordpress\/wp-json\/wp\/v2\/pages\/55\/revisions"}],"predecessor-version":[{"id":1546,"href":"https:\/\/www.frauenhaus-steyr.at\/wordpress\/wp-json\/wp\/v2\/pages\/55\/revisions\/1546"}],"wp:attachment":[{"href":"https:\/\/www.frauenhaus-steyr.at\/wordpress\/wp-json\/wp\/v2\/media?parent=55"}],"curies":[{"name":"wp","href":"https:\/\/api.w.org\/{rel}","templated":true}]}}