{"id":51,"date":"2023-04-15T20:04:35","date_gmt":"2023-04-15T20:04:35","guid":{"rendered":"https:\/\/www.frauenhaus-steyr.at\/wordpress\/?page_id=51"},"modified":"2023-07-15T07:51:58","modified_gmt":"2023-07-15T07:51:58","slug":"beratung","status":"publish","type":"page","link":"https:\/\/www.frauenhaus-steyr.at\/wordpress\/beratung\/","title":{"rendered":"Beratung"},"content":{"rendered":"\n<p>Im Frauenhaus Steyr beraten wir Frauen in famili\u00e4ren Krisensituationen.<\/p>\n\n\n\n<p>Eine Trennung ist keine Voraussetzung, um Beratung im Frauenhaus in Anspruch nehmen zu k\u00f6nnen. Die Beratung findet durch erfahrene Sozialarbeiterinnen statt, die zur Verschwiegenheit verpflichtet sind und parteilich f\u00fcr die Frauen arbeiten. Die Beratung ist anonym und kostenlos. Wir beraten und begleiten Frauen (ambulant, telefonisch, per E-Mail)<\/p>\n\n\n\n<ul class=\"wp-block-list\">\n<li>die k\u00f6rperliche, psychische oder sexuelle Gewalt erleben<\/li>\n\n\n\n<li>bei Schwierigkeiten in der Partnerschaft<\/li>\n\n\n\n<li>bei Scheidung und Trennung<\/li>\n\n\n\n<li>bei Wegweisung, Betretungsverbot und Einstweiliger Verf\u00fcgung<\/li>\n\n\n\n<li>die einen Einzug ins Frauenhaus planen<\/li>\n\n\n\n<li>bei Problemen rund um die Schwangerschaft<\/li>\n\n\n\n<li>in Erziehungsfragen<\/li>\n\n\n\n<li>in famili\u00e4ren Krisensituationen<\/li>\n\n\n\n<li>bei Stalking<\/li>\n\n\n\n<li>zum Gewaltschutzgesetz<\/li>\n<\/ul>\n\n\n\n<p>Wir beraten auch Angeh\u00f6rige oder au\u00dfenstehende Personen, die Gewalt in ihrem Umfeld miterleben. Auch diese k\u00f6nnen sich jederzeit und kostenlos an uns wenden.<\/p>\n","protected":false},"excerpt":{"rendered":"<p>Im Frauenhaus Steyr beraten wir Frauen in famili\u00e4ren Krisensituationen. Eine Trennung ist keine Voraussetzung, um Beratung im Frauenhaus in Anspruch nehmen zu k\u00f6nnen. Die Beratung findet durch erfahrene Sozialarbeiterinnen statt, die zur Verschwiegenheit verpflichtet sind und parteilich f\u00fcr die Frauen arbeiten. Die Beratung ist anonym und kostenlos. Wir beraten und begleiten Frauen (ambulant, telefonisch, per &hellip;<\/p>\n<p class=\"read-more\"> <a class=\"\" href=\"https:\/\/www.frauenhaus-steyr.at\/wordpress\/beratung\/\"> <span class=\"screen-reader-text\">Beratung<\/span> Weiterlesen &raquo;<\/a><\/p>\n","protected":false},"author":3,"featured_media":0,"parent":0,"menu_order":0,"comment_status":"closed","ping_status":"closed","template":"","meta":{"advgb_blocks_editor_width":"","advgb_blocks_columns_visual_guide":"","_coblocks_attr":"","_coblocks_dimensions":"","_coblocks_responsive_height":"","_coblocks_accordion_ie_support":"","site-sidebar-layout":"default","site-content-layout":"default","ast-global-header-display":"","ast-main-header-display":"","ast-hfb-above-header-display":"","ast-hfb-below-header-display":"","ast-hfb-mobile-header-display":"","site-post-title":"","ast-breadcrumbs-content":"","ast-featured-img":"","footer-sml-layout":"","theme-transparent-header-meta":"","adv-header-id-meta":"","stick-header-meta":"","header-above-stick-meta":"","header-main-stick-meta":"","header-below-stick-meta":"","footnotes":""},"class_list":["post-51","page","type-page","status-publish","hentry"],"coauthors":[],"author_meta":{"author_link":"https:\/\/www.frauenhaus-steyr.at\/wordpress\/author\/frauenhaus\/","display_name":"Frauenhaus"},"relative_dates":{"created":"Posted 3\u00a0Jahren ago","modified":"Updated 3\u00a0Jahren ago"},"absolute_dates":{"created":"Posted on April 15, 2023","modified":"Updated on Juli 15, 2023"},"absolute_dates_time":{"created":"Posted on April 15, 2023 8:04 p.m.","modified":"Updated on Juli 15, 2023 7:51 a.m."},"featured_img_caption":"","featured_img":false,"series_order":"","_links":{"self":[{"href":"https:\/\/www.frauenhaus-steyr.at\/wordpress\/wp-json\/wp\/v2\/pages\/51","targetHints":{"allow":["GET"]}}],"collection":[{"href":"https:\/\/www.frauenhaus-steyr.at\/wordpress\/wp-json\/wp\/v2\/pages"}],"about":[{"href":"https:\/\/www.frauenhaus-steyr.at\/wordpress\/wp-json\/wp\/v2\/types\/page"}],"author":[{"embeddable":true,"href":"https:\/\/www.frauenhaus-steyr.at\/wordpress\/wp-json\/wp\/v2\/users\/3"}],"replies":[{"embeddable":true,"href":"https:\/\/www.frauenhaus-steyr.at\/wordpress\/wp-json\/wp\/v2\/comments?post=51"}],"version-history":[{"count":5,"href":"https:\/\/www.frauenhaus-steyr.at\/wordpress\/wp-json\/wp\/v2\/pages\/51\/revisions"}],"predecessor-version":[{"id":1715,"href":"https:\/\/www.frauenhaus-steyr.at\/wordpress\/wp-json\/wp\/v2\/pages\/51\/revisions\/1715"}],"wp:attachment":[{"href":"https:\/\/www.frauenhaus-steyr.at\/wordpress\/wp-json\/wp\/v2\/media?parent=51"}],"curies":[{"name":"wp","href":"https:\/\/api.w.org\/{rel}","templated":true}]}}