{"id":49,"date":"2023-04-15T20:04:14","date_gmt":"2023-04-15T20:04:14","guid":{"rendered":"https:\/\/www.frauenhaus-steyr.at\/wordpress\/?page_id=49"},"modified":"2023-11-27T09:27:56","modified_gmt":"2023-11-27T09:27:56","slug":"kinder","status":"publish","type":"page","link":"https:\/\/www.frauenhaus-steyr.at\/wordpress\/kinder\/","title":{"rendered":"Kinder"},"content":{"rendered":"\n<p>Frauen die ins Frauenhaus fl\u00fcchten, haben h\u00e4ufig ihre Kinder bei sich. Auch f\u00fcr die Kinder bietet das Frauenhaus einen Schutzraum. Gewalterfahrungen, ob direkt oder indirekt, pr\u00e4gen das Leben von Kindern nachhaltig. Im Frauenhaus erleben die Kinder eine Umgebung, die frei von Gewalt ist und in der sie sich ungezwungen und ohne Angst bewegen k\u00f6nnen.<\/p>\n\n\n\n<p>Von einer Mitarbeiterin werden die Kinder unterst\u00fctzt, sich in der neuen Situation zu Recht zu finden, zur Ruhe zu kommen und sich mit den eigenen Gef\u00fchlen auseinander zu setzen. In Einzelstunden haben die Kinder die M\u00f6glichkeit, die aktuelle Trennungssituation und ihre Gewalterfahrungen kindgerecht zu verarbeiten.<\/p>\n\n\n\n<p>Das Frauenhaus \u00fcbernimmt keine Betreuung f\u00fcr die Kinder, die M\u00fctter sind selber f\u00fcr diese verantwortlich.<\/p>\n\n\n\n<figure class=\"wp-block-gallery has-nested-images columns-default is-cropped wp-block-gallery-1 is-layout-flex wp-block-gallery-is-layout-flex\">\n<figure class=\"wp-block-image size-large\"><img loading=\"lazy\" decoding=\"async\" width=\"650\" height=\"433\" data-id=\"305\" src=\"https:\/\/www.frauenhaus-steyr.at\/wordpress\/wp-content\/uploads\/2023\/04\/Kinder_4-2.jpg\" alt=\"\" class=\"wp-image-305\" srcset=\"https:\/\/www.frauenhaus-steyr.at\/wordpress\/wp-content\/uploads\/2023\/04\/Kinder_4-2.jpg 650w, https:\/\/www.frauenhaus-steyr.at\/wordpress\/wp-content\/uploads\/2023\/04\/Kinder_4-2-300x200.jpg 300w\" sizes=\"auto, (max-width: 650px) 100vw, 650px\" \/><\/figure>\n\n\n\n<figure class=\"wp-block-image size-large\"><img loading=\"lazy\" decoding=\"async\" width=\"650\" height=\"433\" data-id=\"307\" src=\"https:\/\/www.frauenhaus-steyr.at\/wordpress\/wp-content\/uploads\/2023\/04\/Kinder_5-2.jpg\" alt=\"\" class=\"wp-image-307\" srcset=\"https:\/\/www.frauenhaus-steyr.at\/wordpress\/wp-content\/uploads\/2023\/04\/Kinder_5-2.jpg 650w, https:\/\/www.frauenhaus-steyr.at\/wordpress\/wp-content\/uploads\/2023\/04\/Kinder_5-2-300x200.jpg 300w\" sizes=\"auto, (max-width: 650px) 100vw, 650px\" \/><\/figure>\n\n\n\n<figure class=\"wp-block-image size-large\"><img loading=\"lazy\" decoding=\"async\" width=\"650\" height=\"433\" data-id=\"304\" src=\"https:\/\/www.frauenhaus-steyr.at\/wordpress\/wp-content\/uploads\/2023\/04\/Kinder_6-2.jpg\" alt=\"\" class=\"wp-image-304\" srcset=\"https:\/\/www.frauenhaus-steyr.at\/wordpress\/wp-content\/uploads\/2023\/04\/Kinder_6-2.jpg 650w, https:\/\/www.frauenhaus-steyr.at\/wordpress\/wp-content\/uploads\/2023\/04\/Kinder_6-2-300x200.jpg 300w\" sizes=\"auto, (max-width: 650px) 100vw, 650px\" \/><\/figure>\n\n\n\n<figure class=\"wp-block-image size-large\"><img loading=\"lazy\" decoding=\"async\" width=\"650\" height=\"473\" data-id=\"308\" src=\"https:\/\/www.frauenhaus-steyr.at\/wordpress\/wp-content\/uploads\/2023\/04\/Kinder_7-2.jpg\" alt=\"\" class=\"wp-image-308\" srcset=\"https:\/\/www.frauenhaus-steyr.at\/wordpress\/wp-content\/uploads\/2023\/04\/Kinder_7-2.jpg 650w, https:\/\/www.frauenhaus-steyr.at\/wordpress\/wp-content\/uploads\/2023\/04\/Kinder_7-2-300x218.jpg 300w\" sizes=\"auto, (max-width: 650px) 100vw, 650px\" \/><\/figure>\n\n\n\n<figure class=\"wp-block-image size-large\"><img loading=\"lazy\" decoding=\"async\" width=\"650\" height=\"473\" data-id=\"306\" src=\"https:\/\/www.frauenhaus-steyr.at\/wordpress\/wp-content\/uploads\/2023\/04\/Kinder_8-2.jpg\" alt=\"\" class=\"wp-image-306\" srcset=\"https:\/\/www.frauenhaus-steyr.at\/wordpress\/wp-content\/uploads\/2023\/04\/Kinder_8-2.jpg 650w, https:\/\/www.frauenhaus-steyr.at\/wordpress\/wp-content\/uploads\/2023\/04\/Kinder_8-2-300x218.jpg 300w\" sizes=\"auto, (max-width: 650px) 100vw, 650px\" \/><\/figure>\n\n\n\n<figure class=\"wp-block-image size-large\"><img loading=\"lazy\" decoding=\"async\" width=\"650\" height=\"473\" data-id=\"312\" src=\"https:\/\/www.frauenhaus-steyr.at\/wordpress\/wp-content\/uploads\/2023\/04\/Kinder_9-2.jpg\" alt=\"\" class=\"wp-image-312\" srcset=\"https:\/\/www.frauenhaus-steyr.at\/wordpress\/wp-content\/uploads\/2023\/04\/Kinder_9-2.jpg 650w, https:\/\/www.frauenhaus-steyr.at\/wordpress\/wp-content\/uploads\/2023\/04\/Kinder_9-2-300x218.jpg 300w\" sizes=\"auto, (max-width: 650px) 100vw, 650px\" \/><\/figure>\n<\/figure>\n","protected":false},"excerpt":{"rendered":"<p>Frauen die ins Frauenhaus fl\u00fcchten, haben h\u00e4ufig ihre Kinder bei sich. Auch f\u00fcr die Kinder bietet das Frauenhaus einen Schutzraum. Gewalterfahrungen, ob direkt oder indirekt, pr\u00e4gen das Leben von Kindern nachhaltig. Im Frauenhaus erleben die Kinder eine Umgebung, die frei von Gewalt ist und in der sie sich ungezwungen und ohne Angst bewegen k\u00f6nnen. Von &hellip;<\/p>\n<p class=\"read-more\"> <a class=\"\" href=\"https:\/\/www.frauenhaus-steyr.at\/wordpress\/kinder\/\"> <span class=\"screen-reader-text\">Kinder<\/span> Weiterlesen &raquo;<\/a><\/p>\n","protected":false},"author":3,"featured_media":0,"parent":0,"menu_order":0,"comment_status":"closed","ping_status":"closed","template":"","meta":{"advgb_blocks_editor_width":"","advgb_blocks_columns_visual_guide":"","_coblocks_attr":"","_coblocks_dimensions":"","_coblocks_responsive_height":"","_coblocks_accordion_ie_support":"","site-sidebar-layout":"default","site-content-layout":"default","ast-global-header-display":"","ast-main-header-display":"","ast-hfb-above-header-display":"","ast-hfb-below-header-display":"","ast-hfb-mobile-header-display":"","site-post-title":"","ast-breadcrumbs-content":"","ast-featured-img":"","footer-sml-layout":"","theme-transparent-header-meta":"","adv-header-id-meta":"","stick-header-meta":"","header-above-stick-meta":"","header-main-stick-meta":"","header-below-stick-meta":"","footnotes":""},"class_list":["post-49","page","type-page","status-publish","hentry"],"coauthors":[],"author_meta":{"author_link":"https:\/\/www.frauenhaus-steyr.at\/wordpress\/author\/frauenhaus\/","display_name":"Frauenhaus"},"relative_dates":{"created":"Posted 3\u00a0Jahren ago","modified":"Updated 2\u00a0Jahren ago"},"absolute_dates":{"created":"Posted on April 15, 2023","modified":"Updated on November 27, 2023"},"absolute_dates_time":{"created":"Posted on April 15, 2023 8:04 p.m.","modified":"Updated on November 27, 2023 9:27 a.m."},"featured_img_caption":"","featured_img":false,"series_order":"","_links":{"self":[{"href":"https:\/\/www.frauenhaus-steyr.at\/wordpress\/wp-json\/wp\/v2\/pages\/49","targetHints":{"allow":["GET"]}}],"collection":[{"href":"https:\/\/www.frauenhaus-steyr.at\/wordpress\/wp-json\/wp\/v2\/pages"}],"about":[{"href":"https:\/\/www.frauenhaus-steyr.at\/wordpress\/wp-json\/wp\/v2\/types\/page"}],"author":[{"embeddable":true,"href":"https:\/\/www.frauenhaus-steyr.at\/wordpress\/wp-json\/wp\/v2\/users\/3"}],"replies":[{"embeddable":true,"href":"https:\/\/www.frauenhaus-steyr.at\/wordpress\/wp-json\/wp\/v2\/comments?post=49"}],"version-history":[{"count":6,"href":"https:\/\/www.frauenhaus-steyr.at\/wordpress\/wp-json\/wp\/v2\/pages\/49\/revisions"}],"predecessor-version":[{"id":1960,"href":"https:\/\/www.frauenhaus-steyr.at\/wordpress\/wp-json\/wp\/v2\/pages\/49\/revisions\/1960"}],"wp:attachment":[{"href":"https:\/\/www.frauenhaus-steyr.at\/wordpress\/wp-json\/wp\/v2\/media?parent=49"}],"curies":[{"name":"wp","href":"https:\/\/api.w.org\/{rel}","templated":true}]}}