{"id":30,"date":"2023-04-14T19:14:12","date_gmt":"2023-04-14T19:14:12","guid":{"rendered":"https:\/\/www.frauenhaus-steyr.at\/wordpress\/?page_id=30"},"modified":"2024-10-14T07:31:27","modified_gmt":"2024-10-14T07:31:27","slug":"start","status":"publish","type":"page","link":"https:\/\/www.frauenhaus-steyr.at\/wordpress\/","title":{"rendered":"Start"},"content":{"rendered":"\n<p class=\"has-text-align-left\">Das Frauenhaus Steyr bietet <strong>Schutz<\/strong>, <strong>Zuflucht <\/strong>und <strong>Wohnm\u00f6glichkeit <\/strong>f\u00fcr misshandelte und von <a href=\"https:\/\/www.frauenhaus-steyr.at\/wordpress\/gewalt\/\" data-type=\"page\" data-id=\"1609\">Gewalt<\/a> bedrohte Frauen und deren Kinder. Unter der Nummer <strong>07252 \/ 877 00<\/strong> ist rund um die Uhr eine Mitarbeiterin des Frauenhauses erreichbar. <\/p>\n\n\n\n<p>Eine Aufnahme ins Haus ist jederzeit m\u00f6glich. <br>Voraussetzung ist ein legaler Aufenthalt in \u00d6sterreich.<\/p>\n\n\n\n<div class=\"wp-block-buttons is-layout-flex wp-block-buttons-is-layout-flex\">\n<div class=\"wp-block-button\"><a class=\"wp-block-button__link wp-element-button\" href=\"https:\/\/www.frauenhaus-steyr.at\/wordpress\/deutsch\/\" target=\"_blank\" rel=\"noreferrer noopener\">Deutsch<\/a><\/div>\n\n\n\n<div class=\"wp-block-button\"><a class=\"wp-block-button__link wp-element-button\" href=\"https:\/\/www.frauenhaus-steyr.at\/wordpress\/englisch\/\" target=\"_blank\" rel=\"noreferrer noopener\">Englisch<\/a><\/div>\n\n\n\n<div class=\"wp-block-button\"><a class=\"wp-block-button__link wp-element-button\" href=\"https:\/\/www.frauenhaus-steyr.at\/wordpress\/start-tuerkisch\/\" target=\"_blank\" rel=\"noreferrer noopener\">T\u00fcrkisch<\/a><\/div>\n\n\n\n<div class=\"wp-block-button\"><a class=\"wp-block-button__link wp-element-button\" href=\"https:\/\/www.frauenhaus-steyr.at\/wordpress\/srpski\/\" target=\"_blank\" rel=\"noreferrer noopener\">SRPSKI<\/a><\/div>\n\n\n\n<div class=\"wp-block-button\"><a class=\"wp-block-button__link wp-element-button\" href=\"https:\/\/www.frauenhaus-steyr.at\/wordpress\/xxx\/\" target=\"_blank\" rel=\"noreferrer noopener\">Arabisch<\/a><\/div>\n<\/div>\n\n\n\n<div class=\"wp-block-kadence-spacer aligncenter kt-block-spacer-_554fa1-7a\"><div class=\"kt-block-spacer kt-block-spacer-halign-left\"><hr class=\"kt-divider\"\/><\/div><\/div>\n\n\n\n<figure class=\"wp-block-image size-full is-resized has-lightbox\"><a href=\"https:\/\/www.frauenhaus-steyr.at\/wordpress\/erklaervideo\/\"><img loading=\"lazy\" decoding=\"async\" width=\"993\" height=\"549\" src=\"https:\/\/www.frauenhaus-steyr.at\/wordpress\/wp-content\/uploads\/2024\/10\/Startbild.png\" alt=\"\" class=\"wp-image-2136\" style=\"width:541px;height:auto\" srcset=\"https:\/\/www.frauenhaus-steyr.at\/wordpress\/wp-content\/uploads\/2024\/10\/Startbild.png 993w, https:\/\/www.frauenhaus-steyr.at\/wordpress\/wp-content\/uploads\/2024\/10\/Startbild-300x166.png 300w, https:\/\/www.frauenhaus-steyr.at\/wordpress\/wp-content\/uploads\/2024\/10\/Startbild-768x425.png 768w\" sizes=\"auto, (max-width: 993px) 100vw, 993px\" \/><\/a><\/figure>\n\n\n\n<p>Erkl\u00e4rvideo \u00fcber das Frauenhaus in verschiedenen Sprachen.<\/p>\n\n\n\n<div class=\"wp-block-kadence-spacer aligncenter kt-block-spacer-_5f47ac-90\"><div class=\"kt-block-spacer kt-block-spacer-halign-left\"><hr class=\"kt-divider\"\/><\/div><\/div>\n\n\n\n<h3 class=\"wp-block-heading\">Akute Krisensituation<\/h3>\n\n\n\n<div class=\"wp-block-kadence-accordion alignnone\"><div class=\"kt-accordion-wrap kt-accordion-id_735548-e9 kt-accordion-has-4-panes kt-active-pane-0 kt-accordion-block kt-pane-header-alignment-left kt-accodion-icon-style-basic kt-accodion-icon-side-right\" style=\"max-width:none\"><div class=\"kt-accordion-inner-wrap\" data-allow-multiple-open=\"true\" data-start-open=\"none\">\n<div class=\"wp-block-kadence-pane kt-accordion-pane kt-accordion-pane-1 kt-pane_39ab98-a0\"><div class=\"kt-accordion-header-wrap\"><button class=\"kt-blocks-accordion-header kt-acccordion-button-label-show\"><span class=\"kt-blocks-accordion-title-wrap\"><span class=\"kt-blocks-accordion-title\">Sie sind gef\u00e4hrdet? Sie m\u00fcssen weg? Was ist zu tun?<\/span><\/span><span class=\"kt-blocks-accordion-icon-trigger\"><\/span><\/button><\/div><div class=\"kt-accordion-panel kt-accordion-panel-hidden\"><div class=\"kt-accordion-panel-inner\">\n<ul class=\"wp-block-list\">\n<li>Rufen Sie im Frauenhaus an!<\/li>\n\n\n\n<li>Rund um die Uhr ist eine Mitarbeiterin erreichbar (au\u00dferhalb der B\u00fcrozeiten l\u00e4uft ein Band mit Handynummer).<\/li>\n\n\n\n<li>Dort k\u00fcmmert sich eine kompetente Mitarbeiterin um Sie und falls n\u00f6tig, kann sie Sie sofort im Frauenhaus aufnehmen. Wenn Sie kommen k\u00f6nnen, treffen Sie die Mitarbeiterin direkt im Frauenhaus. Wenn Sie akut nicht wegk\u00f6nnen, k\u00f6nnen Sie \u00fcber unsere Nummer Hilfe holen, oder Sie kontaktieren die Polizei.<\/li>\n\n\n\n<li>Ihre Kinder k\u00f6nnen Sie mitnehmen. Wichtig ist es, sich aus der Gefahrenzone zu bringen.<\/li>\n<\/ul>\n<\/div><\/div><\/div>\n\n\n\n<div class=\"wp-block-kadence-pane kt-accordion-pane kt-accordion-pane-2 kt-pane_5baa43-d1\"><div class=\"kt-accordion-header-wrap\"><button class=\"kt-blocks-accordion-header kt-acccordion-button-label-show\"><span class=\"kt-blocks-accordion-title-wrap\"><span class=\"kt-blocks-accordion-title\">Wenn m\u00f6glich sollten Sie Folgendes mitbringen:<\/span><\/span><span class=\"kt-blocks-accordion-icon-trigger\"><\/span><\/button><\/div><div class=\"kt-accordion-panel kt-accordion-panel-hidden\"><div class=\"kt-accordion-panel-inner\">\n<ul class=\"wp-block-list\">\n<li>Dokumente und pers\u00f6nliche Gegenst\u00e4nde f\u00fcr Sie und Ihre Kinder<\/li>\n\n\n\n<li>Kleidung f\u00fcr Sie und Ihre Kinder<\/li>\n\n\n\n<li>Schulsachen und Lieblingsspielzeug Ihrer Kinder<\/li>\n\n\n\n<li>Medikamente und Befunde<\/li>\n<\/ul>\n\n\n\n<p>Im Notfall gibt es Artikel des allt\u00e4glichen Bedarfs im Frauenhaus. Ihre pers\u00f6nlichen Dinge k\u00f6nnen wir im Nachhinein gemeinsam mit Ihnen organisieren. S\u00e4mtliche Verm\u00f6gensangelegenheiten werden im Trennungsverfahren geregelt.<\/p>\n<\/div><\/div><\/div>\n\n\n\n<div class=\"wp-block-kadence-pane kt-accordion-pane kt-accordion-pane-3 kt-pane_e7606c-3a\"><div class=\"kt-accordion-header-wrap\"><button class=\"kt-blocks-accordion-header kt-acccordion-button-label-show\"><span class=\"kt-blocks-accordion-title-wrap\"><span class=\"kt-blocks-accordion-title\">Stalking &#8211; Sie f\u00fchlen sich beobachtet oder verfolgt?<\/span><\/span><span class=\"kt-blocks-accordion-icon-trigger\"><\/span><\/button><\/div><div class=\"kt-accordion-panel kt-accordion-panel-hidden\"><div class=\"kt-accordion-panel-inner\">\n<ul class=\"wp-block-list\">\n<li>Machen Sie dem T\u00e4ter\/der T\u00e4terin nur EINMAL klar, dass Sie keinen weiteren Kontakt mehr zu ihm\/ihr wollen. Ignorieren Sie dann die Person konsequent.<\/li>\n\n\n\n<li>Dokumentieren Sie jede Kontaktaufnahme und sichern Sie Beweise (Briefe, SMS, etc.). Diese sind wichtig bei rechtlichen Schritten.<\/li>\n\n\n\n<li>Informieren Sie Ihr privates und berufliches Umfeld, dass Sie \u201egestalkt\u201c werden. Das st\u00e4rkt Sie und schw\u00e4cht den T\u00e4ter.<\/li>\n\n\n\n<li>Nehmen Sie keine Geschenke des T\u00e4ters\/der T\u00e4terin oder mit unbekanntem Absender entgegen.<\/li>\n\n\n\n<li>Bei Telefonterror informieren Sie sich \u00fcber die technischen Schutzm\u00f6glichkeiten ihres Telefonbetreibers.<\/li>\n\n\n\n<li>Werden Sie mit dem Auto verfolgt, fahren Sie direkt zur n\u00e4chsten Polizeidienststelle.<\/li>\n\n\n\n<li>In konkreten Bedrohungssituationen w\u00e4hlen Sie unbedingt den Polizeinotruf 133.<\/li>\n\n\n\n<li>Stellen Sie einen Antrag auf eine \u201eEinstweilige Verf\u00fcgung\u201c beim Bezirksgericht, um dem T\u00e4ter\/der T\u00e4terin Kontaktaufnahme, Verfolgung und den Aufenthalt an bestimmten Orten verbieten zu k\u00f6nnen.<\/li>\n\n\n\n<li>Nutzen Sie die M\u00f6glichkeit einer kostenlosen und anonymen Beratung im Frauenhaus<\/li>\n<\/ul>\n<\/div><\/div><\/div>\n<\/div><\/div><\/div>\n\n\n\n<div class=\"wp-block-kadence-spacer aligncenter kt-block-spacer-_c95940-1b\"><div class=\"kt-block-spacer kt-block-spacer-halign-left\"><hr class=\"kt-divider\"\/><\/div><\/div>\n\n\n\n<div class=\"wp-block-columns is-layout-flex wp-container-core-columns-is-layout-28f84493 wp-block-columns-is-layout-flex\">\n<div class=\"wp-block-column is-layout-flow wp-block-column-is-layout-flow\">\n<p>Sie m\u00f6chten die Frauen und Kinder unterst\u00fctzen. Hier gehts zur<\/p>\n<\/div>\n\n\n\n<div class=\"wp-block-column is-layout-flow wp-block-column-is-layout-flow\">\n<div class=\"wp-block-buttons is-layout-flex wp-block-buttons-is-layout-flex\">\n<div class=\"wp-block-button\"><a class=\"wp-block-button__link wp-element-button\" href=\"https:\/\/www.frauenhaus-steyr.at\/wordpress\/spendeninformation\/\">Spendeninformation<\/a><\/div>\n<\/div>\n<\/div>\n<\/div>\n<style class=\"advgb-styles-renderer\">.wp-block-kadence-spacer.kt-block-spacer-_554fa1-7a .kt-block-spacer{height:60px;}.wp-block-kadence-spacer.kt-block-spacer-_554fa1-7a .kt-divider{border-top-width:1px;height:1px;border-top-color:#eee;width:80%;border-top-style:solid;}.wp-block-kadence-spacer.kt-block-spacer-_5f47ac-90 .kt-block-spacer{height:30px;}.wp-block-kadence-spacer.kt-block-spacer-_5f47ac-90 .kt-divider{border-top-width:1px;height:1px;border-top-color:#eee;width:80%;border-top-style:solid;}.kt-accordion-id_735548-e9 .kt-accordion-panel-inner{border-top:0px solid transparent;border-right:0px solid transparent;border-bottom:0px solid transparent;border-left:0px solid transparent;background:#ffffff;padding-top:var(--global-kb-spacing-sm, 1.5rem);padding-right:var(--global-kb-spacing-sm, 1.5rem);padding-bottom:var(--global-kb-spacing-sm, 1.5rem);padding-left:var(--global-kb-spacing-sm, 1.5rem);}.kt-accordion-id_735548-e9 .wp-block-kadence-pane .kt-accordion-header-wrap .kt-blocks-accordion-header{border-top:0px solid #f2f2f2;border-right:0px solid #f2f2f2;border-bottom:0px solid #f2f2f2;border-left:0px solid #f2f2f2;border-top-left-radius:6px;border-top-right-radius:6px;border-bottom-right-radius:6px;border-bottom-left-radius:6px;background:#f2f2f2;font-size:var(--global-kb-font-size-sm, 0.9rem);color:#555555;padding-top:14px;padding-right:16px;padding-bottom:14px;padding-left:16px;}.kt-accordion-wrap.kt-accordion-id_735548-e9 .kt-accordion-header-wrap{margin-top:10px;}.single-content .wp-block-kadence-pane>h2:first-child,\n\t\t\t.single-content .wp-block-kadence-pane>h3:first-child,\n\t\t\t.single-content .wp-block-kadence-pane>h4:first-child,\n\t\t\t.single-content .wp-block-kadence-pane>h5:first-child,\n\t\t\t.single-content .wp-block-kadence-pane>h6:first-child{margin-top:10px;}.kt-accordion-id_735548-e9:not( .kt-accodion-icon-style-basiccircle ):not( .kt-accodion-icon-style-xclosecircle ):not( .kt-accodion-icon-style-arrowcircle ) .kt-blocks-accordion-icon-trigger:after, .kt-accordion-id_735548-e9:not( .kt-accodion-icon-style-basiccircle ):not( .kt-accodion-icon-style-xclosecircle ):not( .kt-accodion-icon-style-arrowcircle ) .kt-blocks-accordion-icon-trigger:before{background:#555555;}.kt-accordion-id_735548-e9:not( .kt-accodion-icon-style-basic ):not( .kt-accodion-icon-style-xclose ):not( .kt-accodion-icon-style-arrow ) .kt-blocks-accordion-icon-trigger{background:#555555;}.kt-accordion-id_735548-e9:not( .kt-accodion-icon-style-basic ):not( .kt-accodion-icon-style-xclose ):not( .kt-accodion-icon-style-arrow ) .kt-blocks-accordion-icon-trigger:after, .kt-accordion-id_735548-e9:not( .kt-accodion-icon-style-basic ):not( .kt-accodion-icon-style-xclose ):not( .kt-accodion-icon-style-arrow ) .kt-blocks-accordion-icon-trigger:before{background:#f2f2f2;}.kt-accordion-id_735548-e9 .kt-accordion-header-wrap .kt-blocks-accordion-header:hover, .kt-accordion-id_735548-e9 .kt-accordion-header-wrap .kt-blocks-accordion-header:focus{color:#444444;background:#eeeeee;border-top-color:#eeeeee;border-top-style:solid;border-right-color:#eeeeee;border-right-style:solid;border-bottom-color:#eeeeee;border-bottom-style:solid;border-left-color:#eeeeee;border-left-style:solid;}.kt-accordion-id_735548-e9:not( .kt-accodion-icon-style-basiccircle ):not( .kt-accodion-icon-style-xclosecircle ):not( .kt-accodion-icon-style-arrowcircle ) .kt-blocks-accordion-header:hover .kt-blocks-accordion-icon-trigger:after, .kt-accordion-id_735548-e9:not( .kt-accodion-icon-style-basiccircle ):not( .kt-accodion-icon-style-xclosecircle ):not( .kt-accodion-icon-style-arrowcircle ) .kt-blocks-accordion-header:hover .kt-blocks-accordion-icon-trigger:before, .kt-accordion-id_735548-e9:not( .kt-accodion-icon-style-basiccircle ):not( .kt-accodion-icon-style-xclosecircle ):not( .kt-accodion-icon-style-arrowcircle ) .kt-blocks-accordion-header:focus .kt-blocks-accordion-icon-trigger:after, .kt-accordion-id_735548-e9:not( .kt-accodion-icon-style-basiccircle ):not( .kt-accodion-icon-style-xclosecircle ):not( .kt-accodion-icon-style-arrowcircle ) .kt-blocks-accordion-header:focus .kt-blocks-accordion-icon-trigger:before{background:#444444;}.kt-accordion-id_735548-e9:not( .kt-accodion-icon-style-basic ):not( .kt-accodion-icon-style-xclose ):not( .kt-accodion-icon-style-arrow ) .kt-blocks-accordion-header:hover .kt-blocks-accordion-icon-trigger, .kt-accordion-id_735548-e9:not( .kt-accodion-icon-style-basic ):not( .kt-accodion-icon-style-xclose ):not( .kt-accodion-icon-style-arrow ) .kt-blocks-accordion-header:focus .kt-blocks-accordion-icon-trigger{background:#444444;}.kt-accordion-id_735548-e9:not( .kt-accodion-icon-style-basic ):not( .kt-accodion-icon-style-xclose ):not( .kt-accodion-icon-style-arrow ) .kt-blocks-accordion-header:hover .kt-blocks-accordion-icon-trigger:after, .kt-accordion-id_735548-e9:not( .kt-accodion-icon-style-basic ):not( .kt-accodion-icon-style-xclose ):not( .kt-accodion-icon-style-arrow ) .kt-blocks-accordion-header:hover .kt-blocks-accordion-icon-trigger:before, .kt-accordion-id_735548-e9:not( .kt-accodion-icon-style-basic ):not( .kt-accodion-icon-style-xclose ):not( .kt-accodion-icon-style-arrow ) .kt-blocks-accordion-header:focus .kt-blocks-accordion-icon-trigger:after, .kt-accordion-id_735548-e9:not( .kt-accodion-icon-style-basic ):not( .kt-accodion-icon-style-xclose ):not( .kt-accodion-icon-style-arrow ) .kt-blocks-accordion-header:focus .kt-blocks-accordion-icon-trigger:before{background:#eeeeee;}.kt-accordion-id_735548-e9 .kt-accordion-header-wrap .kt-blocks-accordion-header.kt-accordion-panel-active{color:#ffffff;background:#b0cb0b;border-top-color:#f3690e;border-top-style:solid;border-right-color:#f3690e;border-right-style:solid;border-bottom-color:#f3690e;border-bottom-style:solid;border-left-color:#f3690e;border-left-style:solid;}.kt-accordion-id_735548-e9:not( .kt-accodion-icon-style-basiccircle ):not( .kt-accodion-icon-style-xclosecircle ):not( .kt-accodion-icon-style-arrowcircle ) .kt-blocks-accordion-header.kt-accordion-panel-active .kt-blocks-accordion-icon-trigger:after, .kt-accordion-id_735548-e9:not( .kt-accodion-icon-style-basiccircle ):not( .kt-accodion-icon-style-xclosecircle ):not( .kt-accodion-icon-style-arrowcircle ) .kt-blocks-accordion-header.kt-accordion-panel-active .kt-blocks-accordion-icon-trigger:before{background:#ffffff;}.kt-accordion-id_735548-e9:not( .kt-accodion-icon-style-basic ):not( .kt-accodion-icon-style-xclose ):not( .kt-accodion-icon-style-arrow ) .kt-blocks-accordion-header.kt-accordion-panel-active .kt-blocks-accordion-icon-trigger{background:#ffffff;}.kt-accordion-id_735548-e9:not( .kt-accodion-icon-style-basic ):not( .kt-accodion-icon-style-xclose ):not( .kt-accodion-icon-style-arrow ) .kt-blocks-accordion-header.kt-accordion-panel-active .kt-blocks-accordion-icon-trigger:after, .kt-accordion-id_735548-e9:not( .kt-accodion-icon-style-basic ):not( .kt-accodion-icon-style-xclose ):not( .kt-accodion-icon-style-arrow ) .kt-blocks-accordion-header.kt-accordion-panel-active .kt-blocks-accordion-icon-trigger:before{background:#b0cb0b;}@media all and (max-width: 1024px){.kt-accordion-id_735548-e9 .kt-accordion-panel-inner{border-top:0px solid transparent;border-right:0px solid transparent;border-bottom:0px solid transparent;border-left:0px solid transparent;}}@media all and (max-width: 1024px){.kt-accordion-id_735548-e9 .wp-block-kadence-pane .kt-accordion-header-wrap .kt-blocks-accordion-header{border-top:0px solid #f2f2f2;border-right:0px solid #f2f2f2;border-bottom:0px solid #f2f2f2;border-left:0px solid #f2f2f2;}}@media all and (max-width: 1024px){.kt-accordion-id_735548-e9 .kt-accordion-header-wrap .kt-blocks-accordion-header:hover, .kt-accordion-id_735548-e9 .kt-accordion-header-wrap .kt-blocks-accordion-header:focus{border-top-color:#eeeeee;border-top-style:solid;border-right-color:#eeeeee;border-right-style:solid;border-bottom-color:#eeeeee;border-bottom-style:solid;border-left-color:#eeeeee;border-left-style:solid;}}@media all and (max-width: 1024px){.kt-accordion-id_735548-e9 .kt-accordion-header-wrap .kt-blocks-accordion-header.kt-accordion-panel-active{border-top-color:#f3690e;border-top-style:solid;border-right-color:#f3690e;border-right-style:solid;border-bottom-color:#f3690e;border-bottom-style:solid;border-left-color:#f3690e;border-left-style:solid;}}@media all and (max-width: 767px){.kt-accordion-id_735548-e9 .kt-accordion-panel-inner{border-top:0px solid transparent;border-right:0px solid transparent;border-bottom:0px solid transparent;border-left:0px solid transparent;}.kt-accordion-id_735548-e9 .wp-block-kadence-pane .kt-accordion-header-wrap .kt-blocks-accordion-header{border-top:0px solid #f2f2f2;border-right:0px solid #f2f2f2;border-bottom:0px solid #f2f2f2;border-left:0px solid #f2f2f2;}.kt-accordion-id_735548-e9 .kt-accordion-header-wrap .kt-blocks-accordion-header:hover, .kt-accordion-id_735548-e9 .kt-accordion-header-wrap .kt-blocks-accordion-header:focus{border-top-color:#eeeeee;border-top-style:solid;border-right-color:#eeeeee;border-right-style:solid;border-bottom-color:#eeeeee;border-bottom-style:solid;border-left-color:#eeeeee;border-left-style:solid;}.kt-accordion-id_735548-e9 .kt-accordion-header-wrap .kt-blocks-accordion-header.kt-accordion-panel-active{border-top-color:#f3690e;border-top-style:solid;border-right-color:#f3690e;border-right-style:solid;border-bottom-color:#f3690e;border-bottom-style:solid;border-left-color:#f3690e;border-left-style:solid;}}.wp-block-kadence-spacer.kt-block-spacer-_c95940-1b .kt-block-spacer{height:60px;}.wp-block-kadence-spacer.kt-block-spacer-_c95940-1b .kt-divider{border-top-width:1px;height:1px;border-top-color:#eee;width:80%;border-top-style:solid;}<\/style>","protected":false},"excerpt":{"rendered":"<p>Das Frauenhaus Steyr bietet Schutz, Zuflucht und Wohnm\u00f6glichkeit f\u00fcr misshandelte und von Gewalt bedrohte Frauen und deren Kinder. Unter der Nummer 07252 \/ 877 00 ist rund um die Uhr eine Mitarbeiterin des Frauenhauses erreichbar. Eine Aufnahme ins Haus ist jederzeit m\u00f6glich. Voraussetzung ist ein legaler Aufenthalt in \u00d6sterreich. Erkl\u00e4rvideo \u00fcber das Frauenhaus in verschiedenen &hellip;<\/p>\n<p class=\"read-more\"> <a class=\"\" href=\"https:\/\/www.frauenhaus-steyr.at\/wordpress\/\"> <span class=\"screen-reader-text\">Start<\/span> Weiterlesen &raquo;<\/a><\/p>\n","protected":false},"author":3,"featured_media":0,"parent":0,"menu_order":0,"comment_status":"closed","ping_status":"closed","template":"","meta":{"advgb_blocks_editor_width":"","advgb_blocks_columns_visual_guide":"","_coblocks_attr":"","_coblocks_dimensions":"","_coblocks_responsive_height":"","_coblocks_accordion_ie_support":"","site-sidebar-layout":"default","site-content-layout":"default","ast-global-header-display":"","ast-main-header-display":"","ast-hfb-above-header-display":"","ast-hfb-below-header-display":"","ast-hfb-mobile-header-display":"","site-post-title":"","ast-breadcrumbs-content":"","ast-featured-img":"","footer-sml-layout":"","theme-transparent-header-meta":"","adv-header-id-meta":"","stick-header-meta":"","header-above-stick-meta":"","header-main-stick-meta":"","header-below-stick-meta":"","footnotes":""},"class_list":["post-30","page","type-page","status-publish","hentry"],"coauthors":[],"author_meta":{"author_link":"https:\/\/www.frauenhaus-steyr.at\/wordpress\/author\/frauenhaus\/","display_name":"Frauenhaus"},"relative_dates":{"created":"Posted 3\u00a0Jahren ago","modified":"Updated 2\u00a0Jahren ago"},"absolute_dates":{"created":"Posted on April 14, 2023","modified":"Updated on Oktober 14, 2024"},"absolute_dates_time":{"created":"Posted on April 14, 2023 7:14 p.m.","modified":"Updated on Oktober 14, 2024 7:31 a.m."},"featured_img_caption":"","featured_img":false,"series_order":"","_links":{"self":[{"href":"https:\/\/www.frauenhaus-steyr.at\/wordpress\/wp-json\/wp\/v2\/pages\/30","targetHints":{"allow":["GET"]}}],"collection":[{"href":"https:\/\/www.frauenhaus-steyr.at\/wordpress\/wp-json\/wp\/v2\/pages"}],"about":[{"href":"https:\/\/www.frauenhaus-steyr.at\/wordpress\/wp-json\/wp\/v2\/types\/page"}],"author":[{"embeddable":true,"href":"https:\/\/www.frauenhaus-steyr.at\/wordpress\/wp-json\/wp\/v2\/users\/3"}],"replies":[{"embeddable":true,"href":"https:\/\/www.frauenhaus-steyr.at\/wordpress\/wp-json\/wp\/v2\/comments?post=30"}],"version-history":[{"count":38,"href":"https:\/\/www.frauenhaus-steyr.at\/wordpress\/wp-json\/wp\/v2\/pages\/30\/revisions"}],"predecessor-version":[{"id":2137,"href":"https:\/\/www.frauenhaus-steyr.at\/wordpress\/wp-json\/wp\/v2\/pages\/30\/revisions\/2137"}],"wp:attachment":[{"href":"https:\/\/www.frauenhaus-steyr.at\/wordpress\/wp-json\/wp\/v2\/media?parent=30"}],"curies":[{"name":"wp","href":"https:\/\/api.w.org\/{rel}","templated":true}]}}