{"id":26,"date":"2023-04-14T19:13:30","date_gmt":"2023-04-14T19:13:30","guid":{"rendered":"https:\/\/www.frauenhaus-steyr.at\/wordpress\/?page_id=26"},"modified":"2023-07-15T08:00:49","modified_gmt":"2023-07-15T08:00:49","slug":"grundsaetze","status":"publish","type":"page","link":"https:\/\/www.frauenhaus-steyr.at\/wordpress\/grundsaetze\/","title":{"rendered":"Grunds\u00e4tze"},"content":{"rendered":"\n<h1 class=\"wp-block-heading\">Unb\u00fcrokratische Soforthilfe<\/h1>\n\n\n\n<ul class=\"wp-block-list\">\n<li>Grunds\u00e4tzlich jederzeitige Aufnahmebereitschaft der einzelnen H\u00e4user und Erreichbarkeit rund um die Uhr.<\/li>\n\n\n\n<li>Hilfe f\u00fcr Frauen in famili\u00e4ren Krisensituationen unabh\u00e4ngig von Nationalit\u00e4ten, Einkommen, sozialem Umfeld, etc.<\/li>\n<\/ul>\n\n\n\n<h1 class=\"wp-block-heading\"><br>Parteilichkeit<\/h1>\n\n\n\n<ul class=\"wp-block-list\">\n<li>Hilfe zu selbstbestimmter Existenz<\/li>\n\n\n\n<li>Gewalterfahrung der Frauen ernstnehmen und nicht in Frage stellen<\/li>\n\n\n\n<li>Entscheidungen der Frauen werden akzeptiert<\/li>\n\n\n\n<li>Die Mitarbeiterinnen stehen auf Seiten der betroffenen Frau, vertreten ihre Position nach au\u00dfen und helfen bei der Durchsetzung ihrer Anspr\u00fcche.<\/li>\n<\/ul>\n\n\n\n<h1 class=\"wp-block-heading\">Anonymit\u00e4t<\/h1>\n\n\n\n<ul class=\"wp-block-list\">\n<li>\u00dcber die im Haus lebenden und hilfesuchenden Frauen werden keine Informationen weitergegeben, das Frauenhaus ist zur Verschwiegenheit verpflichtet.<\/li>\n<\/ul>\n\n\n\n<h1 class=\"wp-block-heading\"><br>Hilfe zur Selbsthilfe<\/h1>\n\n\n\n<ul class=\"wp-block-list\">\n<li>Die Frau ist und bleibt eigenverantwortlich<\/li>\n\n\n\n<li>Sie wird begleitet und unterst\u00fctzt bei der Realisierung ihrer Lebensperspektiven<\/li>\n\n\n\n<li>Wir unterst\u00fctzen dabei, die eigenen Bed\u00fcrfnisse und Interessen wahrzunehmen und eine selbstbestimmte neue Existenz aufzubauen.<\/li>\n<\/ul>\n\n\n\n<h1 class=\"wp-block-heading\"><br>Autonomie<\/h1>\n\n\n\n<ul class=\"wp-block-list\">\n<li>Wir f\u00f6rdern die Selbstbestimmung und Eigenst\u00e4ndigkeit der Frauen in der inhaltlichen sowie allt\u00e4glichen Arbeit mit den Bewohnerinnen.<\/li>\n<\/ul>\n\n\n\n<h1 class=\"wp-block-heading\"><br>Freiwilligkeit<\/h1>\n\n\n\n<ul class=\"wp-block-list\">\n<li>Die Frauen kommen aus freiem Willen in das Frauenhaus. Sie entscheiden selbst wie lange sie im Haus bleiben.<\/li>\n<\/ul>\n","protected":false},"excerpt":{"rendered":"<p>Unb\u00fcrokratische Soforthilfe Parteilichkeit Anonymit\u00e4t Hilfe zur Selbsthilfe Autonomie Freiwilligkeit<\/p>\n","protected":false},"author":3,"featured_media":0,"parent":0,"menu_order":0,"comment_status":"closed","ping_status":"closed","template":"","meta":{"advgb_blocks_editor_width":"","advgb_blocks_columns_visual_guide":"","_coblocks_attr":"","_coblocks_dimensions":"","_coblocks_responsive_height":"","_coblocks_accordion_ie_support":"","site-sidebar-layout":"default","site-content-layout":"default","ast-global-header-display":"","ast-main-header-display":"","ast-hfb-above-header-display":"","ast-hfb-below-header-display":"","ast-hfb-mobile-header-display":"","site-post-title":"","ast-breadcrumbs-content":"","ast-featured-img":"","footer-sml-layout":"","theme-transparent-header-meta":"","adv-header-id-meta":"","stick-header-meta":"","header-above-stick-meta":"","header-main-stick-meta":"","header-below-stick-meta":"","footnotes":""},"class_list":["post-26","page","type-page","status-publish","hentry"],"coauthors":[],"author_meta":{"author_link":"https:\/\/www.frauenhaus-steyr.at\/wordpress\/author\/frauenhaus\/","display_name":"Frauenhaus"},"relative_dates":{"created":"Posted 3\u00a0Jahren ago","modified":"Updated 3\u00a0Jahren ago"},"absolute_dates":{"created":"Posted on April 14, 2023","modified":"Updated on Juli 15, 2023"},"absolute_dates_time":{"created":"Posted on April 14, 2023 7:13 p.m.","modified":"Updated on Juli 15, 2023 8:00 a.m."},"featured_img_caption":"","featured_img":false,"series_order":"","_links":{"self":[{"href":"https:\/\/www.frauenhaus-steyr.at\/wordpress\/wp-json\/wp\/v2\/pages\/26","targetHints":{"allow":["GET"]}}],"collection":[{"href":"https:\/\/www.frauenhaus-steyr.at\/wordpress\/wp-json\/wp\/v2\/pages"}],"about":[{"href":"https:\/\/www.frauenhaus-steyr.at\/wordpress\/wp-json\/wp\/v2\/types\/page"}],"author":[{"embeddable":true,"href":"https:\/\/www.frauenhaus-steyr.at\/wordpress\/wp-json\/wp\/v2\/users\/3"}],"replies":[{"embeddable":true,"href":"https:\/\/www.frauenhaus-steyr.at\/wordpress\/wp-json\/wp\/v2\/comments?post=26"}],"version-history":[{"count":5,"href":"https:\/\/www.frauenhaus-steyr.at\/wordpress\/wp-json\/wp\/v2\/pages\/26\/revisions"}],"predecessor-version":[{"id":1722,"href":"https:\/\/www.frauenhaus-steyr.at\/wordpress\/wp-json\/wp\/v2\/pages\/26\/revisions\/1722"}],"wp:attachment":[{"href":"https:\/\/www.frauenhaus-steyr.at\/wordpress\/wp-json\/wp\/v2\/media?parent=26"}],"curies":[{"name":"wp","href":"https:\/\/api.w.org\/{rel}","templated":true}]}}