{"id":1609,"date":"2023-05-10T09:57:21","date_gmt":"2023-05-10T09:57:21","guid":{"rendered":"https:\/\/www.frauenhaus-steyr.at\/wordpress\/?page_id=1609"},"modified":"2023-07-15T14:00:23","modified_gmt":"2023-07-15T14:00:23","slug":"gewalt","status":"publish","type":"page","link":"https:\/\/www.frauenhaus-steyr.at\/wordpress\/gewalt\/","title":{"rendered":"Gewalt"},"content":{"rendered":"\n<p>Das Frauenhaus Steyr bietet Schutz, Zuflucht und Wohnm\u00f6glichkeit f\u00fcr misshandelte und von Gewalt bedrohte Frauen und deren Kinder. \u00dcber die Telefonnummer des Frauenhaueses Steyr 07252 \/ 877 00 ist in Krisensituationen rund um die Uhr eine Mitarbeiterin erreichbar! <\/p>\n\n\n\n<p>Eine neue <a href=\"https:\/\/www.statistik.at\/fileadmin\/announcement\/2022\/11\/20221125GewaltgegenFrauen.pdf\" target=\"_blank\" rel=\"noreferrer noopener\">EU-Studie<\/a> zeigt, dass jede dritte Frau im Alter zwischen 18 und 74 Jahren Opfer von Gewalt wird.<\/p>\n\n\n\n<p>Gewalt an Frauen kann in physischer, psychischer, sexueller, \u00f6konomischer oder struktureller Form ausge\u00fcbt werden. Frauen aus allen sozialen Schichten, <br>unabh\u00e4ngig vom Bildungsstand, religi\u00f6ser und ethnischer Zugeh\u00f6rigkeit, Nationalit\u00e4t, Einkommen, Alter und Familienstand k\u00f6nnen von Gewalt betroffen sein.<\/p>\n\n\n\n<div class=\"wp-block-kadence-accordion alignnone\"><div class=\"kt-accordion-wrap kt-accordion-id_dda3e2-83 kt-accordion-has-5-panes kt-active-pane-0 kt-accordion-block kt-pane-header-alignment-left kt-accodion-icon-style-basic kt-accodion-icon-side-right\" style=\"max-width:none\"><div class=\"kt-accordion-inner-wrap\" data-allow-multiple-open=\"true\" data-start-open=\"none\">\n<div class=\"wp-block-kadence-pane kt-accordion-pane kt-accordion-pane-1 kt-pane_4382aa-33\"><div class=\"kt-accordion-header-wrap\"><button class=\"kt-blocks-accordion-header kt-acccordion-button-label-show\"><span class=\"kt-blocks-accordion-title-wrap\"><span class=\"kt-blocks-accordion-title\">Physisch<\/span><\/span><span class=\"kt-blocks-accordion-icon-trigger\"><\/span><\/button><\/div><div class=\"kt-accordion-panel kt-accordion-panel-hidden\"><div class=\"kt-accordion-panel-inner\">\n<p>schlagen, sch\u00fctteln, sto\u00dfen, treten, boxen, w\u00fcrgen, mit Gegenst\u00e4nden werfen, an den Haaren ziehen, pr\u00fcgeln, mit dem Kopf gegen die Wand schlagen, verbrennen, Attacken mit Waffen, Mordversuch oder Mord<\/p>\n<\/div><\/div><\/div>\n\n\n\n<div class=\"wp-block-kadence-pane kt-accordion-pane kt-accordion-pane-2 kt-pane_f9330f-b4\"><div class=\"kt-accordion-header-wrap\"><button class=\"kt-blocks-accordion-header kt-acccordion-button-label-show\"><span class=\"kt-blocks-accordion-title-wrap\"><span class=\"kt-blocks-accordion-title\">Psychisch<\/span><\/span><span class=\"kt-blocks-accordion-icon-trigger\"><\/span><\/button><\/div><div class=\"kt-accordion-panel kt-accordion-panel-hidden\"><div class=\"kt-accordion-panel-inner\">\n<p>Drohungen, N\u00f6tigungen, Angst machen, Bel\u00e4stigungen, Terror, Verfolgung, Beschimpfungen, Abwertungen, l\u00e4cherlich machen, Demonstration von Macht, Isolation, Kontrolle, Verbote, Vorschriften.<\/p>\n<\/div><\/div><\/div>\n\n\n\n<div class=\"wp-block-kadence-pane kt-accordion-pane kt-accordion-pane-3 kt-pane_3335e0-a7\"><div class=\"kt-accordion-header-wrap\"><button class=\"kt-blocks-accordion-header kt-acccordion-button-label-show\"><span class=\"kt-blocks-accordion-title-wrap\"><span class=\"kt-blocks-accordion-title\">Sexuell<\/span><\/span><span class=\"kt-blocks-accordion-icon-trigger\"><\/span><\/button><\/div><div class=\"kt-accordion-panel kt-accordion-panel-hidden\"><div class=\"kt-accordion-panel-inner\">\n<p>Sexualisierte Gewalt umfasst alle sexuellen Handlungen, die einem Kind bzw. einer Frau aufgezwungen werden. Sie reicht von der sexuellen Bel\u00e4stigung oder Vergewaltigung erwachsener Frauen und geht bis zum sexuellen Missbrauch von Kindern.<\/p>\n<\/div><\/div><\/div>\n\n\n\n<div class=\"wp-block-kadence-pane kt-accordion-pane kt-accordion-pane-4 kt-pane_455c4c-49\"><div class=\"kt-accordion-header-wrap\"><button class=\"kt-blocks-accordion-header kt-acccordion-button-label-show\"><span class=\"kt-blocks-accordion-title-wrap\"><span class=\"kt-blocks-accordion-title\">\u00d6konomisch<\/span><\/span><span class=\"kt-blocks-accordion-icon-trigger\"><\/span><\/button><\/div><div class=\"kt-accordion-panel kt-accordion-panel-hidden\"><div class=\"kt-accordion-panel-inner\">\n<p>Sie bezeichnet jene Situationen, in denen die Frau \u00fcber kein eigenes Einkommen verf\u00fcgt und der Partner diese Situation ausn\u00fctzt, indem er ungen\u00fcgende Geldmittel f\u00fcr Haushaltsangelegenheiten bereitstellt und\/oder Einkommen, Verm\u00f6gen und Ausgaben geheim h\u00e4lt. Es kommt aber auch vor, dass Frauen nicht berufst\u00e4tig sein d\u00fcrfen oder ihr Einkommen abgeben m\u00fcssen, bzw. dessen Verwendung vom Partner kontrolliert wird.&nbsp;<\/p>\n<\/div><\/div><\/div>\n\n\n\n<div class=\"wp-block-kadence-pane kt-accordion-pane kt-accordion-pane-5 kt-pane_81dbfd-62\"><div class=\"kt-accordion-header-wrap\"><button class=\"kt-blocks-accordion-header kt-acccordion-button-label-show\"><span class=\"kt-blocks-accordion-title-wrap\"><span class=\"kt-blocks-accordion-title\">Strukturell<\/span><\/span><span class=\"kt-blocks-accordion-icon-trigger\"><\/span><\/button><\/div><div class=\"kt-accordion-panel kt-accordion-panel-hidden\"><div class=\"kt-accordion-panel-inner\">\n<p>Sie \u00e4u\u00dfert sich in ungleichen Machtverh\u00e4ltnissen und folglich ungleichen Lebenschancen von Frauen und M\u00e4nnern.<\/p>\n<\/div><\/div><\/div>\n<\/div><\/div><\/div>\n<style class=\"advgb-styles-renderer\">.kt-accordion-id_dda3e2-83 .kt-accordion-panel-inner{border-top:0px solid transparent;border-right:0px solid transparent;border-bottom:0px solid transparent;border-left:0px solid transparent;background:#ffffff;padding-top:var(--global-kb-spacing-sm, 1.5rem);padding-right:var(--global-kb-spacing-sm, 1.5rem);padding-bottom:var(--global-kb-spacing-sm, 1.5rem);padding-left:var(--global-kb-spacing-sm, 1.5rem);}.kt-accordion-id_dda3e2-83 .wp-block-kadence-pane .kt-accordion-header-wrap .kt-blocks-accordion-header{border-top:0px solid #f2f2f2;border-right:0px solid #f2f2f2;border-bottom:0px solid #f2f2f2;border-left:0px solid #f2f2f2;border-top-left-radius:6px;border-top-right-radius:6px;border-bottom-right-radius:6px;border-bottom-left-radius:6px;background:#f2f2f2;font-size:var(--global-kb-font-size-sm, 0.9rem);color:#555555;padding-top:14px;padding-right:16px;padding-bottom:14px;padding-left:16px;}.kt-accordion-wrap.kt-accordion-id_dda3e2-83 .kt-accordion-header-wrap{margin-top:10px;}.single-content .wp-block-kadence-pane>h2:first-child,\n\t\t\t.single-content .wp-block-kadence-pane>h3:first-child,\n\t\t\t.single-content .wp-block-kadence-pane>h4:first-child,\n\t\t\t.single-content .wp-block-kadence-pane>h5:first-child,\n\t\t\t.single-content .wp-block-kadence-pane>h6:first-child{margin-top:10px;}.kt-accordion-id_dda3e2-83:not( .kt-accodion-icon-style-basiccircle ):not( .kt-accodion-icon-style-xclosecircle ):not( .kt-accodion-icon-style-arrowcircle ) .kt-blocks-accordion-icon-trigger:after, .kt-accordion-id_dda3e2-83:not( .kt-accodion-icon-style-basiccircle ):not( .kt-accodion-icon-style-xclosecircle ):not( .kt-accodion-icon-style-arrowcircle ) .kt-blocks-accordion-icon-trigger:before{background:#555555;}.kt-accordion-id_dda3e2-83:not( .kt-accodion-icon-style-basic ):not( .kt-accodion-icon-style-xclose ):not( .kt-accodion-icon-style-arrow ) .kt-blocks-accordion-icon-trigger{background:#555555;}.kt-accordion-id_dda3e2-83:not( .kt-accodion-icon-style-basic ):not( .kt-accodion-icon-style-xclose ):not( .kt-accodion-icon-style-arrow ) .kt-blocks-accordion-icon-trigger:after, .kt-accordion-id_dda3e2-83:not( .kt-accodion-icon-style-basic ):not( .kt-accodion-icon-style-xclose ):not( .kt-accodion-icon-style-arrow ) .kt-blocks-accordion-icon-trigger:before{background:#f2f2f2;}.kt-accordion-id_dda3e2-83 .kt-accordion-header-wrap .kt-blocks-accordion-header:hover, .kt-accordion-id_dda3e2-83 .kt-accordion-header-wrap .kt-blocks-accordion-header:focus{color:#444444;background:#eeeeee;border-top-color:#eeeeee;border-top-style:solid;border-right-color:#eeeeee;border-right-style:solid;border-bottom-color:#eeeeee;border-bottom-style:solid;border-left-color:#eeeeee;border-left-style:solid;}.kt-accordion-id_dda3e2-83:not( .kt-accodion-icon-style-basiccircle ):not( .kt-accodion-icon-style-xclosecircle ):not( .kt-accodion-icon-style-arrowcircle ) .kt-blocks-accordion-header:hover .kt-blocks-accordion-icon-trigger:after, .kt-accordion-id_dda3e2-83:not( .kt-accodion-icon-style-basiccircle ):not( .kt-accodion-icon-style-xclosecircle ):not( .kt-accodion-icon-style-arrowcircle ) .kt-blocks-accordion-header:hover .kt-blocks-accordion-icon-trigger:before, .kt-accordion-id_dda3e2-83:not( .kt-accodion-icon-style-basiccircle ):not( .kt-accodion-icon-style-xclosecircle ):not( .kt-accodion-icon-style-arrowcircle ) .kt-blocks-accordion-header:focus .kt-blocks-accordion-icon-trigger:after, .kt-accordion-id_dda3e2-83:not( .kt-accodion-icon-style-basiccircle ):not( .kt-accodion-icon-style-xclosecircle ):not( .kt-accodion-icon-style-arrowcircle ) .kt-blocks-accordion-header:focus .kt-blocks-accordion-icon-trigger:before{background:#444444;}.kt-accordion-id_dda3e2-83:not( .kt-accodion-icon-style-basic ):not( .kt-accodion-icon-style-xclose ):not( .kt-accodion-icon-style-arrow ) .kt-blocks-accordion-header:hover .kt-blocks-accordion-icon-trigger, .kt-accordion-id_dda3e2-83:not( .kt-accodion-icon-style-basic ):not( .kt-accodion-icon-style-xclose ):not( .kt-accodion-icon-style-arrow ) .kt-blocks-accordion-header:focus .kt-blocks-accordion-icon-trigger{background:#444444;}.kt-accordion-id_dda3e2-83:not( .kt-accodion-icon-style-basic ):not( .kt-accodion-icon-style-xclose ):not( .kt-accodion-icon-style-arrow ) .kt-blocks-accordion-header:hover .kt-blocks-accordion-icon-trigger:after, .kt-accordion-id_dda3e2-83:not( .kt-accodion-icon-style-basic ):not( .kt-accodion-icon-style-xclose ):not( .kt-accodion-icon-style-arrow ) .kt-blocks-accordion-header:hover .kt-blocks-accordion-icon-trigger:before, .kt-accordion-id_dda3e2-83:not( .kt-accodion-icon-style-basic ):not( .kt-accodion-icon-style-xclose ):not( .kt-accodion-icon-style-arrow ) .kt-blocks-accordion-header:focus .kt-blocks-accordion-icon-trigger:after, .kt-accordion-id_dda3e2-83:not( .kt-accodion-icon-style-basic ):not( .kt-accodion-icon-style-xclose ):not( .kt-accodion-icon-style-arrow ) .kt-blocks-accordion-header:focus .kt-blocks-accordion-icon-trigger:before{background:#eeeeee;}.kt-accordion-id_dda3e2-83 .kt-accordion-header-wrap .kt-blocks-accordion-header.kt-accordion-panel-active{color:#ffffff;background:#b0cb0b;border-top-color:#f3690e;border-top-style:solid;border-right-color:#f3690e;border-right-style:solid;border-bottom-color:#f3690e;border-bottom-style:solid;border-left-color:#f3690e;border-left-style:solid;}.kt-accordion-id_dda3e2-83:not( .kt-accodion-icon-style-basiccircle ):not( .kt-accodion-icon-style-xclosecircle ):not( .kt-accodion-icon-style-arrowcircle ) .kt-blocks-accordion-header.kt-accordion-panel-active .kt-blocks-accordion-icon-trigger:after, .kt-accordion-id_dda3e2-83:not( .kt-accodion-icon-style-basiccircle ):not( .kt-accodion-icon-style-xclosecircle ):not( .kt-accodion-icon-style-arrowcircle ) .kt-blocks-accordion-header.kt-accordion-panel-active .kt-blocks-accordion-icon-trigger:before{background:#ffffff;}.kt-accordion-id_dda3e2-83:not( .kt-accodion-icon-style-basic ):not( .kt-accodion-icon-style-xclose ):not( .kt-accodion-icon-style-arrow ) .kt-blocks-accordion-header.kt-accordion-panel-active .kt-blocks-accordion-icon-trigger{background:#ffffff;}.kt-accordion-id_dda3e2-83:not( .kt-accodion-icon-style-basic ):not( .kt-accodion-icon-style-xclose ):not( .kt-accodion-icon-style-arrow ) .kt-blocks-accordion-header.kt-accordion-panel-active .kt-blocks-accordion-icon-trigger:after, .kt-accordion-id_dda3e2-83:not( .kt-accodion-icon-style-basic ):not( .kt-accodion-icon-style-xclose ):not( .kt-accodion-icon-style-arrow ) .kt-blocks-accordion-header.kt-accordion-panel-active .kt-blocks-accordion-icon-trigger:before{background:#b0cb0b;}@media all and (max-width: 1024px){.kt-accordion-id_dda3e2-83 .kt-accordion-panel-inner{border-top:0px solid transparent;border-right:0px solid transparent;border-bottom:0px solid transparent;border-left:0px solid transparent;}}@media all and (max-width: 1024px){.kt-accordion-id_dda3e2-83 .wp-block-kadence-pane .kt-accordion-header-wrap .kt-blocks-accordion-header{border-top:0px solid #f2f2f2;border-right:0px solid #f2f2f2;border-bottom:0px solid #f2f2f2;border-left:0px solid #f2f2f2;}}@media all and (max-width: 1024px){.kt-accordion-id_dda3e2-83 .kt-accordion-header-wrap .kt-blocks-accordion-header:hover, .kt-accordion-id_dda3e2-83 .kt-accordion-header-wrap .kt-blocks-accordion-header:focus{border-top-color:#eeeeee;border-top-style:solid;border-right-color:#eeeeee;border-right-style:solid;border-bottom-color:#eeeeee;border-bottom-style:solid;border-left-color:#eeeeee;border-left-style:solid;}}@media all and (max-width: 1024px){.kt-accordion-id_dda3e2-83 .kt-accordion-header-wrap .kt-blocks-accordion-header.kt-accordion-panel-active{border-top-color:#f3690e;border-top-style:solid;border-right-color:#f3690e;border-right-style:solid;border-bottom-color:#f3690e;border-bottom-style:solid;border-left-color:#f3690e;border-left-style:solid;}}@media all and (max-width: 767px){.kt-accordion-id_dda3e2-83 .kt-accordion-panel-inner{border-top:0px solid transparent;border-right:0px solid transparent;border-bottom:0px solid transparent;border-left:0px solid transparent;}.kt-accordion-id_dda3e2-83 .wp-block-kadence-pane .kt-accordion-header-wrap .kt-blocks-accordion-header{border-top:0px solid #f2f2f2;border-right:0px solid #f2f2f2;border-bottom:0px solid #f2f2f2;border-left:0px solid #f2f2f2;}.kt-accordion-id_dda3e2-83 .kt-accordion-header-wrap .kt-blocks-accordion-header:hover, .kt-accordion-id_dda3e2-83 .kt-accordion-header-wrap .kt-blocks-accordion-header:focus{border-top-color:#eeeeee;border-top-style:solid;border-right-color:#eeeeee;border-right-style:solid;border-bottom-color:#eeeeee;border-bottom-style:solid;border-left-color:#eeeeee;border-left-style:solid;}.kt-accordion-id_dda3e2-83 .kt-accordion-header-wrap .kt-blocks-accordion-header.kt-accordion-panel-active{border-top-color:#f3690e;border-top-style:solid;border-right-color:#f3690e;border-right-style:solid;border-bottom-color:#f3690e;border-bottom-style:solid;border-left-color:#f3690e;border-left-style:solid;}}<\/style>","protected":false},"excerpt":{"rendered":"<p>Das Frauenhaus Steyr bietet Schutz, Zuflucht und Wohnm\u00f6glichkeit f\u00fcr misshandelte und von Gewalt bedrohte Frauen und deren Kinder. \u00dcber die Telefonnummer des Frauenhaueses Steyr 07252 \/ 877 00 ist in Krisensituationen rund um die Uhr eine Mitarbeiterin erreichbar! Eine neue EU-Studie zeigt, dass jede dritte Frau im Alter zwischen 18 und 74 Jahren Opfer von &hellip;<\/p>\n<p class=\"read-more\"> <a class=\"\" href=\"https:\/\/www.frauenhaus-steyr.at\/wordpress\/gewalt\/\"> <span class=\"screen-reader-text\">Gewalt<\/span> Weiterlesen &raquo;<\/a><\/p>\n","protected":false},"author":3,"featured_media":0,"parent":0,"menu_order":0,"comment_status":"closed","ping_status":"closed","template":"","meta":{"advgb_blocks_editor_width":"","advgb_blocks_columns_visual_guide":"","_coblocks_attr":"","_coblocks_dimensions":"","_coblocks_responsive_height":"","_coblocks_accordion_ie_support":"","site-sidebar-layout":"default","site-content-layout":"default","ast-global-header-display":"","ast-main-header-display":"","ast-hfb-above-header-display":"","ast-hfb-below-header-display":"","ast-hfb-mobile-header-display":"","site-post-title":"","ast-breadcrumbs-content":"","ast-featured-img":"","footer-sml-layout":"","theme-transparent-header-meta":"","adv-header-id-meta":"","stick-header-meta":"","header-above-stick-meta":"","header-main-stick-meta":"","header-below-stick-meta":"","footnotes":""},"class_list":["post-1609","page","type-page","status-publish","hentry"],"coauthors":[],"author_meta":{"author_link":"https:\/\/www.frauenhaus-steyr.at\/wordpress\/author\/frauenhaus\/","display_name":"Frauenhaus"},"relative_dates":{"created":"Posted 3\u00a0Jahren ago","modified":"Updated 3\u00a0Jahren ago"},"absolute_dates":{"created":"Posted on Mai 10, 2023","modified":"Updated on Juli 15, 2023"},"absolute_dates_time":{"created":"Posted on Mai 10, 2023 9:57 a.m.","modified":"Updated on Juli 15, 2023 2:00 p.m."},"featured_img_caption":"","featured_img":false,"series_order":"","_links":{"self":[{"href":"https:\/\/www.frauenhaus-steyr.at\/wordpress\/wp-json\/wp\/v2\/pages\/1609","targetHints":{"allow":["GET"]}}],"collection":[{"href":"https:\/\/www.frauenhaus-steyr.at\/wordpress\/wp-json\/wp\/v2\/pages"}],"about":[{"href":"https:\/\/www.frauenhaus-steyr.at\/wordpress\/wp-json\/wp\/v2\/types\/page"}],"author":[{"embeddable":true,"href":"https:\/\/www.frauenhaus-steyr.at\/wordpress\/wp-json\/wp\/v2\/users\/3"}],"replies":[{"embeddable":true,"href":"https:\/\/www.frauenhaus-steyr.at\/wordpress\/wp-json\/wp\/v2\/comments?post=1609"}],"version-history":[{"count":13,"href":"https:\/\/www.frauenhaus-steyr.at\/wordpress\/wp-json\/wp\/v2\/pages\/1609\/revisions"}],"predecessor-version":[{"id":1769,"href":"https:\/\/www.frauenhaus-steyr.at\/wordpress\/wp-json\/wp\/v2\/pages\/1609\/revisions\/1769"}],"wp:attachment":[{"href":"https:\/\/www.frauenhaus-steyr.at\/wordpress\/wp-json\/wp\/v2\/media?parent=1609"}],"curies":[{"name":"wp","href":"https:\/\/api.w.org\/{rel}","templated":true}]}}