{"id":1574,"date":"2023-05-01T19:33:02","date_gmt":"2023-05-01T19:33:02","guid":{"rendered":"https:\/\/www.frauenhaus-steyr.at\/wordpress\/?page_id=1574"},"modified":"2025-01-17T11:53:29","modified_gmt":"2025-01-17T11:53:29","slug":"spendeninformation","status":"publish","type":"page","link":"https:\/\/www.frauenhaus-steyr.at\/wordpress\/spendeninformation\/","title":{"rendered":"Spendeninformation"},"content":{"rendered":"\n<h3 class=\"wp-block-heading\">Geldspenden<\/h3>\n\n\n\n<p><strong>Jede Spende z\u00e4hlt!<\/strong><br>Wir freuen uns \u00fcber jede finanzielle Unterst\u00fctzung f\u00fcr Frauen und Kinder. <br>Sofern auch Sie einen Beitrag dazu leisten m\u00f6chten, finden Sie nachstehend die Daten unseres Spendenkontos:&nbsp;<br><strong>IBAN AT11 3411 4810 0017 3286<br>BIC RZOOAT2L114<\/strong><br>Die Spenden kommen direkt den Frauen und Kindern zu Gute!<\/p>\n\n\n\n<p>Wir verf\u00fcgen nicht \u00fcber ein Spendeng\u00fctesiegel und unsere Spenden sind somit nicht absetzbar.<\/p>\n\n\n\n<h3 class=\"wp-block-heading\">Sachspenden<\/h3>\n\n\n\n<p>Wir freuen uns \u00fcber Sachspenden, die neuwertig oder in einem sehr guten Zustand sind. Leider haben wir nur sehr begrenzte Lagerm\u00f6glichkeiten und bitten daher um Verst\u00e4ndnis, dass wir nur nach Bedarf Spenden annehmen k\u00f6nnen.<br><strong>Welche Sachspenden sind hilfreich:<\/strong><\/p>\n\n\n\n<div class=\"wp-block-buttons is-layout-flex wp-block-buttons-is-layout-flex\">\n<div class=\"wp-block-button\"><a class=\"wp-block-button__link wp-element-button\" href=\"https:\/\/docs.google.com\/spreadsheets\/d\/1yHLmzBtBoY249efxbJ6bHN7JZdXtzq8TW1-byHY1bMU\/edit?usp=sharing\" target=\"_blank\" rel=\"noreferrer noopener\">Zur Sachspenden-Liste<\/a><\/div>\n<\/div>\n\n\n\n<p><\/p>\n","protected":false},"excerpt":{"rendered":"<p>Geldspenden Jede Spende z\u00e4hlt!Wir freuen uns \u00fcber jede finanzielle Unterst\u00fctzung f\u00fcr Frauen und Kinder. Sofern auch Sie einen Beitrag dazu leisten m\u00f6chten, finden Sie nachstehend die Daten unseres Spendenkontos:&nbsp;IBAN AT11 3411 4810 0017 3286BIC RZOOAT2L114Die Spenden kommen direkt den Frauen und Kindern zu Gute! Wir verf\u00fcgen nicht \u00fcber ein Spendeng\u00fctesiegel und unsere Spenden sind somit &hellip;<\/p>\n<p class=\"read-more\"> <a class=\"\" href=\"https:\/\/www.frauenhaus-steyr.at\/wordpress\/spendeninformation\/\"> <span class=\"screen-reader-text\">Spendeninformation<\/span> Weiterlesen &raquo;<\/a><\/p>\n","protected":false},"author":3,"featured_media":0,"parent":0,"menu_order":0,"comment_status":"closed","ping_status":"closed","template":"","meta":{"advgb_blocks_editor_width":"","advgb_blocks_columns_visual_guide":"","_coblocks_attr":"","_coblocks_dimensions":"","_coblocks_responsive_height":"","_coblocks_accordion_ie_support":"","site-sidebar-layout":"default","site-content-layout":"default","ast-global-header-display":"","ast-main-header-display":"","ast-hfb-above-header-display":"","ast-hfb-below-header-display":"","ast-hfb-mobile-header-display":"","site-post-title":"","ast-breadcrumbs-content":"","ast-featured-img":"","footer-sml-layout":"","theme-transparent-header-meta":"","adv-header-id-meta":"","stick-header-meta":"","header-above-stick-meta":"","header-main-stick-meta":"","header-below-stick-meta":"","footnotes":""},"class_list":["post-1574","page","type-page","status-publish","hentry"],"coauthors":[],"author_meta":{"author_link":"https:\/\/www.frauenhaus-steyr.at\/wordpress\/author\/frauenhaus\/","display_name":"Frauenhaus"},"relative_dates":{"created":"Posted 3\u00a0Jahren ago","modified":"Updated 1\u00a0Jahr ago"},"absolute_dates":{"created":"Posted on Mai 1, 2023","modified":"Updated on Januar 17, 2025"},"absolute_dates_time":{"created":"Posted on Mai 1, 2023 7:33 p.m.","modified":"Updated on Januar 17, 2025 11:53 a.m."},"featured_img_caption":"","featured_img":false,"series_order":"","_links":{"self":[{"href":"https:\/\/www.frauenhaus-steyr.at\/wordpress\/wp-json\/wp\/v2\/pages\/1574","targetHints":{"allow":["GET"]}}],"collection":[{"href":"https:\/\/www.frauenhaus-steyr.at\/wordpress\/wp-json\/wp\/v2\/pages"}],"about":[{"href":"https:\/\/www.frauenhaus-steyr.at\/wordpress\/wp-json\/wp\/v2\/types\/page"}],"author":[{"embeddable":true,"href":"https:\/\/www.frauenhaus-steyr.at\/wordpress\/wp-json\/wp\/v2\/users\/3"}],"replies":[{"embeddable":true,"href":"https:\/\/www.frauenhaus-steyr.at\/wordpress\/wp-json\/wp\/v2\/comments?post=1574"}],"version-history":[{"count":12,"href":"https:\/\/www.frauenhaus-steyr.at\/wordpress\/wp-json\/wp\/v2\/pages\/1574\/revisions"}],"predecessor-version":[{"id":2161,"href":"https:\/\/www.frauenhaus-steyr.at\/wordpress\/wp-json\/wp\/v2\/pages\/1574\/revisions\/2161"}],"wp:attachment":[{"href":"https:\/\/www.frauenhaus-steyr.at\/wordpress\/wp-json\/wp\/v2\/media?parent=1574"}],"curies":[{"name":"wp","href":"https:\/\/api.w.org\/{rel}","templated":true}]}}