{"id":1351,"date":"2023-04-20T17:12:50","date_gmt":"2023-04-20T17:12:50","guid":{"rendered":"https:\/\/www.frauenhaus-steyr.at\/wordpress\/?page_id=1351"},"modified":"2023-07-24T06:39:47","modified_gmt":"2023-07-24T06:39:47","slug":"impressum","status":"publish","type":"page","link":"https:\/\/www.frauenhaus-steyr.at\/wordpress\/impressum\/","title":{"rendered":"Impressum"},"content":{"rendered":"\n<p><strong>F\u00fcr den Inhalt verantwortlich (gem\u00e4\u00df \u00a75 E-Commerce Gesetz\/Offenlegung gem. \u00a725 Mediengesetz):<\/strong><br><br><strong>Verein Frauenhaus Steyr<\/strong><br>4400 Steyr<br>Telefon: 07252 \/ 87 700<br>E-Mail: <a href=\"mailto:office@frauenhaus-steyr.at\">office(@)frauenhaus-steyr.at<\/a><\/p>\n\n\n\n<p>Vereinsregisternummer: 651121540<br>UID: ATU74135358<br><br><strong>Copyright 2020 Verein Frauenhaus Steyr<\/strong><br>Alle Rechte vorbehalten. Alle Texte, Bilder, Graphiken, Ton-, Video- und Animationsdateien sowie ihre Arrangements unterliegen dem Urheberrecht und anderen Gesetzen zum Schutz geistigen Eigentums. Sie d\u00fcrfen weder f\u00fcr Handelszwecke oder zur Weitergabe kopiert, noch ver\u00e4ndert und auf anderen Web-Sites verwendet werden. Unsere Internet-Seiten enthalten auch Material, das dem Urheberrecht derjenigen unterliegt, die dieses zur Verf\u00fcgunggestellt haben.<\/p>\n\n\n\n<p><strong>Verwendung von Google Analytics<\/strong><br>&#8222;Diese Website benutzt Google Analytics, einen Webanalysedienst der Google Inc. (\u201eGoogle\u201c) Google Analytics verwendet sog. \u201eCookies\u201c, Textdateien, die auf Ihrem Computer gespeichert werden und die eine Analyse der Benutzung der Website durch Sie erm\u00f6glicht. Die durch den Cookie erzeugten Informationen \u00fcber Ihre Benutzung diese Website (einschlie\u00dflich Ihrer IP-Adresse) wird an einen Server von Google in den USA \u00fcbertragen und dort gespeichert. Google wird diese Informationen benutzen, um Ihre Nutzung der Website auszuwerten, um Reports \u00fcber die Websiteaktivit\u00e4ten f\u00fcr die Websitebetreiber zusammenzustellen und um weitere mit der Websitenutzung und der Internetnutzung verbundene Dienstleistungen zu erbringen. Auch wird Google diese Informationen gegebenenfalls an Dritte\u00fcbertragen, sofern dies gesetzlich vorgeschrieben oder soweit Dritte diese Daten im Auftrag von Google verarbeiten. Google wird in keinem Fall Ihre IP-Adresse mit anderen Daten der Google in Verbindung bringen. Sie k\u00f6nnen die Installation der Cookies durch eine entsprechende Einstellung Ihrer Browser Software verhindern; wir weisen Sie jedoch darauf hin, dass Sie in diesem Fall gegebenenfalls nicht s\u00e4mtliche Funktionen dieser Website voll umf\u00e4nglich nutzen k\u00f6nnen. Durch<br>die Nutzung dieser Website erkl\u00e4ren Sie sich mit der Bearbeitung der \u00fcber Sie erhobenen Daten durch Google in der zuvor beschriebenen Art und Weise und zu dem zuvor benannten Zweck einverstanden.&#8220;<\/p>\n\n\n\n<p><a href=\"http:\/\/www.frauenhaus-steyr.at\/content\/de\/meta\/datenschutzhinweis.html\">Datenschutzhinweis<\/a><\/p>\n\n\n\n<p><strong>Disclaimer<\/strong><br>Trotz h\u00f6chster Sorgfalt bei der Auswahl und Darbietung kann f\u00fcr dennoch enthaltene Fehler keine wie immer geartete Haftung \u00fcbernommen werden.<br>F\u00fcr die Inhalte aller Links, die zu Seiten au\u00dferhalb von www.frauenhaus-steyr.at f\u00fchren, wird keine Haftung \u00fcbernommen und f\u00fcr die dort enthaltenen Informationen ist der jeweilige Diensteanbieter verantwortlich.<\/p>\n\n\n\n<p><strong>Konzept und Realisierung:<\/strong><br>Verein Frauenhaus Steyr<\/p>\n","protected":false},"excerpt":{"rendered":"<p>F\u00fcr den Inhalt verantwortlich (gem\u00e4\u00df \u00a75 E-Commerce Gesetz\/Offenlegung gem. \u00a725 Mediengesetz): Verein Frauenhaus Steyr4400 SteyrTelefon: 07252 \/ 87 700E-Mail: office(@)frauenhaus-steyr.at Vereinsregisternummer: 651121540UID: ATU74135358 Copyright 2020 Verein Frauenhaus SteyrAlle Rechte vorbehalten. Alle Texte, Bilder, Graphiken, Ton-, Video- und Animationsdateien sowie ihre Arrangements unterliegen dem Urheberrecht und anderen Gesetzen zum Schutz geistigen Eigentums. Sie d\u00fcrfen weder f\u00fcr &hellip;<\/p>\n<p class=\"read-more\"> <a class=\"\" href=\"https:\/\/www.frauenhaus-steyr.at\/wordpress\/impressum\/\"> <span class=\"screen-reader-text\">Impressum<\/span> Weiterlesen &raquo;<\/a><\/p>\n","protected":false},"author":3,"featured_media":0,"parent":0,"menu_order":0,"comment_status":"closed","ping_status":"closed","template":"","meta":{"advgb_blocks_editor_width":"","advgb_blocks_columns_visual_guide":"","_coblocks_attr":"","_coblocks_dimensions":"","_coblocks_responsive_height":"","_coblocks_accordion_ie_support":"","site-sidebar-layout":"default","site-content-layout":"default","ast-global-header-display":"","ast-main-header-display":"","ast-hfb-above-header-display":"","ast-hfb-below-header-display":"","ast-hfb-mobile-header-display":"","site-post-title":"","ast-breadcrumbs-content":"","ast-featured-img":"","footer-sml-layout":"","theme-transparent-header-meta":"","adv-header-id-meta":"","stick-header-meta":"","header-above-stick-meta":"","header-main-stick-meta":"","header-below-stick-meta":"","footnotes":""},"class_list":["post-1351","page","type-page","status-publish","hentry"],"coauthors":[],"author_meta":{"author_link":"https:\/\/www.frauenhaus-steyr.at\/wordpress\/author\/frauenhaus\/","display_name":"Frauenhaus"},"relative_dates":{"created":"Posted 3\u00a0Jahren ago","modified":"Updated 3\u00a0Jahren ago"},"absolute_dates":{"created":"Posted on April 20, 2023","modified":"Updated on Juli 24, 2023"},"absolute_dates_time":{"created":"Posted on April 20, 2023 5:12 p.m.","modified":"Updated on Juli 24, 2023 6:39 a.m."},"featured_img_caption":"","featured_img":false,"series_order":"","_links":{"self":[{"href":"https:\/\/www.frauenhaus-steyr.at\/wordpress\/wp-json\/wp\/v2\/pages\/1351","targetHints":{"allow":["GET"]}}],"collection":[{"href":"https:\/\/www.frauenhaus-steyr.at\/wordpress\/wp-json\/wp\/v2\/pages"}],"about":[{"href":"https:\/\/www.frauenhaus-steyr.at\/wordpress\/wp-json\/wp\/v2\/types\/page"}],"author":[{"embeddable":true,"href":"https:\/\/www.frauenhaus-steyr.at\/wordpress\/wp-json\/wp\/v2\/users\/3"}],"replies":[{"embeddable":true,"href":"https:\/\/www.frauenhaus-steyr.at\/wordpress\/wp-json\/wp\/v2\/comments?post=1351"}],"version-history":[{"count":3,"href":"https:\/\/www.frauenhaus-steyr.at\/wordpress\/wp-json\/wp\/v2\/pages\/1351\/revisions"}],"predecessor-version":[{"id":1825,"href":"https:\/\/www.frauenhaus-steyr.at\/wordpress\/wp-json\/wp\/v2\/pages\/1351\/revisions\/1825"}],"wp:attachment":[{"href":"https:\/\/www.frauenhaus-steyr.at\/wordpress\/wp-json\/wp\/v2\/media?parent=1351"}],"curies":[{"name":"wp","href":"https:\/\/api.w.org\/{rel}","templated":true}]}}